{"id":7181,"date":"2023-02-20T20:40:46","date_gmt":"2023-02-20T20:40:46","guid":{"rendered":"https:\/\/sapreagroups.com\/sexual-abuse-support-groups-fr-de\/"},"modified":"2026-02-06T19:45:19","modified_gmt":"2026-02-06T19:45:19","slug":"saprea-selbsthilfegruppen","status":"publish","type":"page","link":"https:\/\/supportgroups.saprea.org\/de\/","title":{"rendered":"Saprea-Selbsthilfegruppen"},"content":{"rendered":"<div id=\"cs-content\" class=\"cs-content\"><\/div>\n","protected":false},"excerpt":{"rendered":"<p>Selbsthilfegruppen f\u00fcr Betroffene sexuellen MissbrauchsEs hat etwas Kraftvolles, wenn eine Gruppe von Menschen mit gemeinsamen Erfahrungen und Beweggr\u00fcnden zusammenkommt und eine Gemeinschaft bildet. Es k\u00f6nnen gro\u00dfartige Dinge geschehen, wenn man Sicherheit durch Verst\u00e4ndnis, Unterst\u00fctzung und den Wunsch nach Wachstum erstrebt. Genau diese Erfahrung m\u00f6chten wir dir in einer von Betroffenen geleiteten Saprea-Selbsthilfegruppe bieten.GRUPPENSUCHEGRUPPE GR\u00dcNDENWas passiert [&hellip;]<\/p>\n","protected":false},"author":9,"featured_media":0,"parent":0,"menu_order":0,"comment_status":"closed","ping_status":"closed","template":"","meta":{"_acf_changed":false,"footnotes":""},"class_list":["post-7181","page","type-page","status-publish","hentry"],"acf":[],"yoast_head":"<!-- This site is optimized with the Yoast SEO Premium plugin v27.3 (Yoast SEO v27.3) - https:\/\/yoast.com\/product\/yoast-seo-premium-wordpress\/ -->\n<title>Selbsthilfegruppen f\u00fcr Betroffene sexuellen Missbrauchs<\/title>\n<meta name=\"description\" content=\"Saprea-Selbsthilfegruppen bieten eine Plattform f\u00fcr pers\u00f6nliche und Online-Gruppen f\u00fcr Betroffene von sexuellem Kindesmissbrauch. Erfahre mehr.\" \/>\n<meta name=\"robots\" content=\"index, follow, max-snippet:-1, max-image-preview:large, max-video-preview:-1\" \/>\n<link rel=\"canonical\" href=\"https:\/\/supportgroups.saprea.org\/de\/\" \/>\n<meta property=\"og:locale\" content=\"de_DE\" \/>\n<meta property=\"og:type\" content=\"article\" \/>\n<meta property=\"og:title\" content=\"Saprea-Selbsthilfegruppen\" \/>\n<meta property=\"og:description\" content=\"Saprea-Selbsthilfegruppen bieten eine Plattform f\u00fcr pers\u00f6nliche und Online-Gruppen f\u00fcr Betroffene von sexuellem Kindesmissbrauch. Erfahre mehr.\" \/>\n<meta property=\"og:url\" content=\"https:\/\/supportgroups.saprea.org\/de\/\" \/>\n<meta property=\"og:site_name\" content=\"Saprea Groups\" \/>\n<meta property=\"article:modified_time\" content=\"2026-02-06T19:45:19+00:00\" \/>\n<meta name=\"twitter:card\" content=\"summary_large_image\" \/>\n<meta name=\"twitter:label1\" content=\"Gesch\u00e4tzte Lesezeit\" \/>\n\t<meta name=\"twitter:data1\" content=\"4\u00a0Minuten\" \/>\n<script type=\"application\/ld+json\" class=\"yoast-schema-graph\">{\"@context\":\"https:\\\/\\\/schema.org\",\"@graph\":[{\"@type\":\"WebPage\",\"@id\":\"https:\\\/\\\/supportgroups.saprea.org\\\/de\\\/\",\"url\":\"https:\\\/\\\/supportgroups.saprea.org\\\/de\\\/\",\"name\":\"Selbsthilfegruppen f\u00fcr Betroffene sexuellen Missbrauchs\",\"isPartOf\":{\"@id\":\"https:\\\/\\\/supportgroups.saprea.org\\\/de\\\/#website\"},\"datePublished\":\"2023-02-20T20:40:46+00:00\",\"dateModified\":\"2026-02-06T19:45:19+00:00\",\"description\":\"Saprea-Selbsthilfegruppen bieten eine Plattform f\u00fcr pers\u00f6nliche und Online-Gruppen f\u00fcr Betroffene von sexuellem Kindesmissbrauch. Erfahre mehr.\",\"breadcrumb\":{\"@id\":\"https:\\\/\\\/supportgroups.saprea.org\\\/de\\\/#breadcrumb\"},\"inLanguage\":\"de\",\"potentialAction\":[{\"@type\":\"ReadAction\",\"target\":[\"https:\\\/\\\/supportgroups.saprea.org\\\/de\\\/\"]}]},{\"@type\":\"BreadcrumbList\",\"@id\":\"https:\\\/\\\/supportgroups.saprea.org\\\/de\\\/#breadcrumb\",\"itemListElement\":[{\"@type\":\"ListItem\",\"position\":1,\"name\":\"Home\",\"item\":\"https:\\\/\\\/supportgroups.saprea.org\\\/de\\\/saprea-selbsthilfegruppen\\\/\"},{\"@type\":\"ListItem\",\"position\":2,\"name\":\"Saprea-Selbsthilfegruppen\"}]},{\"@type\":\"WebSite\",\"@id\":\"https:\\\/\\\/supportgroups.saprea.org\\\/de\\\/#website\",\"url\":\"https:\\\/\\\/supportgroups.saprea.org\\\/de\\\/\",\"name\":\"Saprea Groups\",\"description\":\"\",\"potentialAction\":[{\"@type\":\"SearchAction\",\"target\":{\"@type\":\"EntryPoint\",\"urlTemplate\":\"https:\\\/\\\/supportgroups.saprea.org\\\/de\\\/?s={search_term_string}\"},\"query-input\":{\"@type\":\"PropertyValueSpecification\",\"valueRequired\":true,\"valueName\":\"search_term_string\"}}],\"inLanguage\":\"de\"}]}<\/script>\n<!-- \/ Yoast SEO Premium plugin. -->","yoast_head_json":{"title":"Selbsthilfegruppen f\u00fcr Betroffene sexuellen Missbrauchs","description":"Saprea-Selbsthilfegruppen bieten eine Plattform f\u00fcr pers\u00f6nliche und Online-Gruppen f\u00fcr Betroffene von sexuellem Kindesmissbrauch. Erfahre mehr.","robots":{"index":"index","follow":"follow","max-snippet":"max-snippet:-1","max-image-preview":"max-image-preview:large","max-video-preview":"max-video-preview:-1"},"canonical":"https:\/\/supportgroups.saprea.org\/de\/","og_locale":"de_DE","og_type":"article","og_title":"Saprea-Selbsthilfegruppen","og_description":"Saprea-Selbsthilfegruppen bieten eine Plattform f\u00fcr pers\u00f6nliche und Online-Gruppen f\u00fcr Betroffene von sexuellem Kindesmissbrauch. Erfahre mehr.","og_url":"https:\/\/supportgroups.saprea.org\/de\/","og_site_name":"Saprea Groups","article_modified_time":"2026-02-06T19:45:19+00:00","twitter_card":"summary_large_image","twitter_misc":{"Gesch\u00e4tzte Lesezeit":"4\u00a0Minuten"},"schema":{"@context":"https:\/\/schema.org","@graph":[{"@type":"WebPage","@id":"https:\/\/supportgroups.saprea.org\/de\/","url":"https:\/\/supportgroups.saprea.org\/de\/","name":"Selbsthilfegruppen f\u00fcr Betroffene sexuellen Missbrauchs","isPartOf":{"@id":"https:\/\/supportgroups.saprea.org\/de\/#website"},"datePublished":"2023-02-20T20:40:46+00:00","dateModified":"2026-02-06T19:45:19+00:00","description":"Saprea-Selbsthilfegruppen bieten eine Plattform f\u00fcr pers\u00f6nliche und Online-Gruppen f\u00fcr Betroffene von sexuellem Kindesmissbrauch. Erfahre mehr.","breadcrumb":{"@id":"https:\/\/supportgroups.saprea.org\/de\/#breadcrumb"},"inLanguage":"de","potentialAction":[{"@type":"ReadAction","target":["https:\/\/supportgroups.saprea.org\/de\/"]}]},{"@type":"BreadcrumbList","@id":"https:\/\/supportgroups.saprea.org\/de\/#breadcrumb","itemListElement":[{"@type":"ListItem","position":1,"name":"Home","item":"https:\/\/supportgroups.saprea.org\/de\/saprea-selbsthilfegruppen\/"},{"@type":"ListItem","position":2,"name":"Saprea-Selbsthilfegruppen"}]},{"@type":"WebSite","@id":"https:\/\/supportgroups.saprea.org\/de\/#website","url":"https:\/\/supportgroups.saprea.org\/de\/","name":"Saprea Groups","description":"","potentialAction":[{"@type":"SearchAction","target":{"@type":"EntryPoint","urlTemplate":"https:\/\/supportgroups.saprea.org\/de\/?s={search_term_string}"},"query-input":{"@type":"PropertyValueSpecification","valueRequired":true,"valueName":"search_term_string"}}],"inLanguage":"de"}]}},"_links":{"self":[{"href":"https:\/\/supportgroups.saprea.org\/de\/wp-json\/wp\/v2\/pages\/7181","targetHints":{"allow":["GET"]}}],"collection":[{"href":"https:\/\/supportgroups.saprea.org\/de\/wp-json\/wp\/v2\/pages"}],"about":[{"href":"https:\/\/supportgroups.saprea.org\/de\/wp-json\/wp\/v2\/types\/page"}],"author":[{"embeddable":true,"href":"https:\/\/supportgroups.saprea.org\/de\/wp-json\/wp\/v2\/users\/9"}],"replies":[{"embeddable":true,"href":"https:\/\/supportgroups.saprea.org\/de\/wp-json\/wp\/v2\/comments?post=7181"}],"version-history":[{"count":27,"href":"https:\/\/supportgroups.saprea.org\/de\/wp-json\/wp\/v2\/pages\/7181\/revisions"}],"predecessor-version":[{"id":11114,"href":"https:\/\/supportgroups.saprea.org\/de\/wp-json\/wp\/v2\/pages\/7181\/revisions\/11114"}],"wp:attachment":[{"href":"https:\/\/supportgroups.saprea.org\/de\/wp-json\/wp\/v2\/media?parent=7181"}],"curies":[{"name":"wp","href":"https:\/\/api.w.org\/{rel}","templated":true}]}}