{"id":9128,"date":"2023-05-19T18:45:14","date_gmt":"2023-05-19T18:45:14","guid":{"rendered":"https:\/\/sapreagroups.com\/start-a-group-german\/"},"modified":"2023-09-12T21:01:37","modified_gmt":"2023-09-12T21:01:37","slug":"gruppe-gruenden","status":"publish","type":"page","link":"https:\/\/supportgroups.saprea.org\/de\/gruppe-gruenden\/","title":{"rendered":"Gr\u00fcnde eine Gruppe"},"content":{"rendered":"<div id=\"cs-content\" class=\"cs-content\"><\/div>\n","protected":false},"excerpt":{"rendered":"<p>Gr\u00fcnde eine GruppeSaprea-Selbsthilfegruppen werden von Betroffenen f\u00fcr Betroffene von sexuellem Kindesmissbrauch geleitet. Das bedeutet, dass du als erwachsene Betroffene (18 Jahre oder \u00e4lter) die M\u00f6glichkeit hast, eine eigene Gruppe zu gr\u00fcnden, die sich vor Ort oder online treffen kann. Indem du anderen Betroffenen in deiner Umgebung heilsame Ressourcen zug\u00e4nglich machst, kannst du eine Gemeinschaft des [&hellip;]<\/p>\n","protected":false},"author":2,"featured_media":0,"parent":0,"menu_order":0,"comment_status":"closed","ping_status":"closed","template":"","meta":{"_acf_changed":false,"footnotes":""},"class_list":["post-9128","page","type-page","status-publish","hentry"],"acf":[],"yoast_head":"<!-- This site is optimized with the Yoast SEO Premium plugin v27.3 (Yoast SEO v27.3) - https:\/\/yoast.com\/product\/yoast-seo-premium-wordpress\/ -->\n<title>Gr\u00fcnde eine Gruppe | Saprea-Selbsthilfegruppen<\/title>\n<meta name=\"description\" content=\"Wie kann ich eine Selbsthilfegruppe f\u00fcr Betroffene von sexuellem Missbrauch gr\u00fcnden? Mit der Gr\u00fcndung einer Saprea-Selbsthilfegruppe kannst du heilsame Ressourcen mit deiner Gemeinschaft teilen.\" \/>\n<meta name=\"robots\" content=\"index, follow, max-snippet:-1, max-image-preview:large, max-video-preview:-1\" \/>\n<link rel=\"canonical\" href=\"https:\/\/supportgroups.saprea.org\/de\/gruppe-gruenden\/\" \/>\n<meta property=\"og:locale\" content=\"de_DE\" \/>\n<meta property=\"og:type\" content=\"article\" \/>\n<meta property=\"og:title\" content=\"Gr\u00fcnde eine Gruppe\" \/>\n<meta property=\"og:description\" content=\"Wie kann ich eine Selbsthilfegruppe f\u00fcr Betroffene von sexuellem Missbrauch gr\u00fcnden? Mit der Gr\u00fcndung einer Saprea-Selbsthilfegruppe kannst du heilsame Ressourcen mit deiner Gemeinschaft teilen.\" \/>\n<meta property=\"og:url\" content=\"https:\/\/supportgroups.saprea.org\/de\/gruppe-gruenden\/\" \/>\n<meta property=\"og:site_name\" content=\"Saprea Groups\" \/>\n<meta property=\"article:modified_time\" content=\"2023-09-12T21:01:37+00:00\" \/>\n<meta name=\"twitter:card\" content=\"summary_large_image\" \/>\n<meta name=\"twitter:label1\" content=\"Gesch\u00e4tzte Lesezeit\" \/>\n\t<meta name=\"twitter:data1\" content=\"4\u00a0Minuten\" \/>\n<script type=\"application\/ld+json\" class=\"yoast-schema-graph\">{\"@context\":\"https:\\\/\\\/schema.org\",\"@graph\":[{\"@type\":\"WebPage\",\"@id\":\"https:\\\/\\\/supportgroups.saprea.org\\\/de\\\/gruppe-gruenden\\\/\",\"url\":\"https:\\\/\\\/supportgroups.saprea.org\\\/de\\\/gruppe-gruenden\\\/\",\"name\":\"Gr\u00fcnde eine Gruppe | Saprea-Selbsthilfegruppen\",\"isPartOf\":{\"@id\":\"https:\\\/\\\/supportgroups.saprea.org\\\/de\\\/#website\"},\"datePublished\":\"2023-05-19T18:45:14+00:00\",\"dateModified\":\"2023-09-12T21:01:37+00:00\",\"description\":\"Wie kann ich eine Selbsthilfegruppe f\u00fcr Betroffene von sexuellem Missbrauch gr\u00fcnden? Mit der Gr\u00fcndung einer Saprea-Selbsthilfegruppe kannst du heilsame Ressourcen mit deiner Gemeinschaft teilen.\",\"breadcrumb\":{\"@id\":\"https:\\\/\\\/supportgroups.saprea.org\\\/de\\\/gruppe-gruenden\\\/#breadcrumb\"},\"inLanguage\":\"de\",\"potentialAction\":[{\"@type\":\"ReadAction\",\"target\":[\"https:\\\/\\\/supportgroups.saprea.org\\\/de\\\/gruppe-gruenden\\\/\"]}]},{\"@type\":\"BreadcrumbList\",\"@id\":\"https:\\\/\\\/supportgroups.saprea.org\\\/de\\\/gruppe-gruenden\\\/#breadcrumb\",\"itemListElement\":[{\"@type\":\"ListItem\",\"position\":1,\"name\":\"Home\",\"item\":\"https:\\\/\\\/supportgroups.saprea.org\\\/de\\\/saprea-selbsthilfegruppen\\\/\"},{\"@type\":\"ListItem\",\"position\":2,\"name\":\"Gr\u00fcnde eine Gruppe\"}]},{\"@type\":\"WebSite\",\"@id\":\"https:\\\/\\\/supportgroups.saprea.org\\\/de\\\/#website\",\"url\":\"https:\\\/\\\/supportgroups.saprea.org\\\/de\\\/\",\"name\":\"Saprea Groups\",\"description\":\"\",\"potentialAction\":[{\"@type\":\"SearchAction\",\"target\":{\"@type\":\"EntryPoint\",\"urlTemplate\":\"https:\\\/\\\/supportgroups.saprea.org\\\/de\\\/?s={search_term_string}\"},\"query-input\":{\"@type\":\"PropertyValueSpecification\",\"valueRequired\":true,\"valueName\":\"search_term_string\"}}],\"inLanguage\":\"de\"}]}<\/script>\n<!-- \/ Yoast SEO Premium plugin. -->","yoast_head_json":{"title":"Gr\u00fcnde eine Gruppe | Saprea-Selbsthilfegruppen","description":"Wie kann ich eine Selbsthilfegruppe f\u00fcr Betroffene von sexuellem Missbrauch gr\u00fcnden? Mit der Gr\u00fcndung einer Saprea-Selbsthilfegruppe kannst du heilsame Ressourcen mit deiner Gemeinschaft teilen.","robots":{"index":"index","follow":"follow","max-snippet":"max-snippet:-1","max-image-preview":"max-image-preview:large","max-video-preview":"max-video-preview:-1"},"canonical":"https:\/\/supportgroups.saprea.org\/de\/gruppe-gruenden\/","og_locale":"de_DE","og_type":"article","og_title":"Gr\u00fcnde eine Gruppe","og_description":"Wie kann ich eine Selbsthilfegruppe f\u00fcr Betroffene von sexuellem Missbrauch gr\u00fcnden? Mit der Gr\u00fcndung einer Saprea-Selbsthilfegruppe kannst du heilsame Ressourcen mit deiner Gemeinschaft teilen.","og_url":"https:\/\/supportgroups.saprea.org\/de\/gruppe-gruenden\/","og_site_name":"Saprea Groups","article_modified_time":"2023-09-12T21:01:37+00:00","twitter_card":"summary_large_image","twitter_misc":{"Gesch\u00e4tzte Lesezeit":"4\u00a0Minuten"},"schema":{"@context":"https:\/\/schema.org","@graph":[{"@type":"WebPage","@id":"https:\/\/supportgroups.saprea.org\/de\/gruppe-gruenden\/","url":"https:\/\/supportgroups.saprea.org\/de\/gruppe-gruenden\/","name":"Gr\u00fcnde eine Gruppe | Saprea-Selbsthilfegruppen","isPartOf":{"@id":"https:\/\/supportgroups.saprea.org\/de\/#website"},"datePublished":"2023-05-19T18:45:14+00:00","dateModified":"2023-09-12T21:01:37+00:00","description":"Wie kann ich eine Selbsthilfegruppe f\u00fcr Betroffene von sexuellem Missbrauch gr\u00fcnden? Mit der Gr\u00fcndung einer Saprea-Selbsthilfegruppe kannst du heilsame Ressourcen mit deiner Gemeinschaft teilen.","breadcrumb":{"@id":"https:\/\/supportgroups.saprea.org\/de\/gruppe-gruenden\/#breadcrumb"},"inLanguage":"de","potentialAction":[{"@type":"ReadAction","target":["https:\/\/supportgroups.saprea.org\/de\/gruppe-gruenden\/"]}]},{"@type":"BreadcrumbList","@id":"https:\/\/supportgroups.saprea.org\/de\/gruppe-gruenden\/#breadcrumb","itemListElement":[{"@type":"ListItem","position":1,"name":"Home","item":"https:\/\/supportgroups.saprea.org\/de\/saprea-selbsthilfegruppen\/"},{"@type":"ListItem","position":2,"name":"Gr\u00fcnde eine Gruppe"}]},{"@type":"WebSite","@id":"https:\/\/supportgroups.saprea.org\/de\/#website","url":"https:\/\/supportgroups.saprea.org\/de\/","name":"Saprea Groups","description":"","potentialAction":[{"@type":"SearchAction","target":{"@type":"EntryPoint","urlTemplate":"https:\/\/supportgroups.saprea.org\/de\/?s={search_term_string}"},"query-input":{"@type":"PropertyValueSpecification","valueRequired":true,"valueName":"search_term_string"}}],"inLanguage":"de"}]}},"_links":{"self":[{"href":"https:\/\/supportgroups.saprea.org\/de\/wp-json\/wp\/v2\/pages\/9128","targetHints":{"allow":["GET"]}}],"collection":[{"href":"https:\/\/supportgroups.saprea.org\/de\/wp-json\/wp\/v2\/pages"}],"about":[{"href":"https:\/\/supportgroups.saprea.org\/de\/wp-json\/wp\/v2\/types\/page"}],"author":[{"embeddable":true,"href":"https:\/\/supportgroups.saprea.org\/de\/wp-json\/wp\/v2\/users\/2"}],"replies":[{"embeddable":true,"href":"https:\/\/supportgroups.saprea.org\/de\/wp-json\/wp\/v2\/comments?post=9128"}],"version-history":[{"count":11,"href":"https:\/\/supportgroups.saprea.org\/de\/wp-json\/wp\/v2\/pages\/9128\/revisions"}],"predecessor-version":[{"id":10579,"href":"https:\/\/supportgroups.saprea.org\/de\/wp-json\/wp\/v2\/pages\/9128\/revisions\/10579"}],"wp:attachment":[{"href":"https:\/\/supportgroups.saprea.org\/de\/wp-json\/wp\/v2\/media?parent=9128"}],"curies":[{"name":"wp","href":"https:\/\/api.w.org\/{rel}","templated":true}]}}