{"id":9316,"date":"2023-05-22T20:35:16","date_gmt":"2023-05-22T20:35:16","guid":{"rendered":"https:\/\/supportgroups.saprea.org\/frequently-asked-questions-for-group-leaders-german\/"},"modified":"2023-06-12T22:30:08","modified_gmt":"2023-06-12T22:30:08","slug":"gruppenleiter-faq","status":"publish","type":"page","link":"https:\/\/supportgroups.saprea.org\/de\/ressourcen-fuer-gruppenleiter\/gruppenleiter-faq\/","title":{"rendered":"H\u00c4UFIG GESTELLTE FRAGEN"},"content":{"rendered":"<div id=\"cs-content\" class=\"cs-content\"><\/div>\n","protected":false},"excerpt":{"rendered":"<p>H\u00c4UFIG GESTELLTE FRAGEN \u2726If you are interested in leading a support group for survivors of child sexual abuse, this section offers practical resources and tips to help you create a safe and supportive environment. We can help you navigate your role, from managing difficult situations to starting a group.Vorbereitung auf ein GruppentreffenDas Leiten eines GruppentreffensElemente [&hellip;]<\/p>\n","protected":false},"author":2,"featured_media":0,"parent":8482,"menu_order":0,"comment_status":"closed","ping_status":"closed","template":"","meta":{"_acf_changed":false,"footnotes":""},"class_list":["post-9316","page","type-page","status-publish","hentry"],"acf":[],"yoast_head":"<!-- This site is optimized with the Yoast SEO Premium plugin v27.3 (Yoast SEO v27.3) - https:\/\/yoast.com\/product\/yoast-seo-premium-wordpress\/ -->\n<title>H\u00e4ufig gestellte Fragen f\u00fcr Gruppenleiter | Saprea<\/title>\n<meta name=\"description\" content=\"Unser FAQ-Bereich f\u00fcr Gruppenleiterinnen bietet praktische Ressourcen und Tipps, die dir helfen, ein sicheres und unterst\u00fctzendes Umfeld zu schaffen.\" \/>\n<meta name=\"robots\" content=\"index, follow, max-snippet:-1, max-image-preview:large, max-video-preview:-1\" \/>\n<link rel=\"canonical\" href=\"https:\/\/supportgroups.saprea.org\/de\/ressourcen-fuer-gruppenleiter\/gruppenleiter-faq\/\" \/>\n<meta property=\"og:locale\" content=\"de_DE\" \/>\n<meta property=\"og:type\" content=\"article\" \/>\n<meta property=\"og:title\" content=\"H\u00c4UFIG GESTELLTE FRAGEN\" \/>\n<meta property=\"og:description\" content=\"Unser FAQ-Bereich f\u00fcr Gruppenleiterinnen bietet praktische Ressourcen und Tipps, die dir helfen, ein sicheres und unterst\u00fctzendes Umfeld zu schaffen.\" \/>\n<meta property=\"og:url\" content=\"https:\/\/supportgroups.saprea.org\/de\/ressourcen-fuer-gruppenleiter\/gruppenleiter-faq\/\" \/>\n<meta property=\"og:site_name\" content=\"Saprea Groups\" \/>\n<meta property=\"article:modified_time\" content=\"2023-06-12T22:30:08+00:00\" \/>\n<meta name=\"twitter:card\" content=\"summary_large_image\" \/>\n<meta name=\"twitter:label1\" content=\"Gesch\u00e4tzte Lesezeit\" \/>\n\t<meta name=\"twitter:data1\" content=\"18\u00a0Minuten\" \/>\n<script type=\"application\/ld+json\" class=\"yoast-schema-graph\">{\"@context\":\"https:\\\/\\\/schema.org\",\"@graph\":[{\"@type\":\"WebPage\",\"@id\":\"https:\\\/\\\/supportgroups.saprea.org\\\/de\\\/ressourcen-fuer-gruppenleiter\\\/gruppenleiter-faq\\\/\",\"url\":\"https:\\\/\\\/supportgroups.saprea.org\\\/de\\\/ressourcen-fuer-gruppenleiter\\\/gruppenleiter-faq\\\/\",\"name\":\"H\u00e4ufig gestellte Fragen f\u00fcr Gruppenleiter | Saprea\",\"isPartOf\":{\"@id\":\"https:\\\/\\\/supportgroups.saprea.org\\\/de\\\/#website\"},\"datePublished\":\"2023-05-22T20:35:16+00:00\",\"dateModified\":\"2023-06-12T22:30:08+00:00\",\"description\":\"Unser FAQ-Bereich f\u00fcr Gruppenleiterinnen bietet praktische Ressourcen und Tipps, die dir helfen, ein sicheres und unterst\u00fctzendes Umfeld zu schaffen.\",\"breadcrumb\":{\"@id\":\"https:\\\/\\\/supportgroups.saprea.org\\\/de\\\/ressourcen-fuer-gruppenleiter\\\/gruppenleiter-faq\\\/#breadcrumb\"},\"inLanguage\":\"de\",\"potentialAction\":[{\"@type\":\"ReadAction\",\"target\":[\"https:\\\/\\\/supportgroups.saprea.org\\\/de\\\/ressourcen-fuer-gruppenleiter\\\/gruppenleiter-faq\\\/\"]}]},{\"@type\":\"BreadcrumbList\",\"@id\":\"https:\\\/\\\/supportgroups.saprea.org\\\/de\\\/ressourcen-fuer-gruppenleiter\\\/gruppenleiter-faq\\\/#breadcrumb\",\"itemListElement\":[{\"@type\":\"ListItem\",\"position\":1,\"name\":\"Home\",\"item\":\"https:\\\/\\\/supportgroups.saprea.org\\\/de\\\/saprea-selbsthilfegruppen\\\/\"},{\"@type\":\"ListItem\",\"position\":2,\"name\":\"Ressourcen f\u00fcr Gruppenleiter\",\"item\":\"https:\\\/\\\/supportgroups.saprea.org\\\/de\\\/ressourcen-fuer-gruppenleiter\\\/\"},{\"@type\":\"ListItem\",\"position\":3,\"name\":\"H\u00c4UFIG GESTELLTE FRAGEN\"}]},{\"@type\":\"WebSite\",\"@id\":\"https:\\\/\\\/supportgroups.saprea.org\\\/de\\\/#website\",\"url\":\"https:\\\/\\\/supportgroups.saprea.org\\\/de\\\/\",\"name\":\"Saprea Groups\",\"description\":\"\",\"potentialAction\":[{\"@type\":\"SearchAction\",\"target\":{\"@type\":\"EntryPoint\",\"urlTemplate\":\"https:\\\/\\\/supportgroups.saprea.org\\\/de\\\/?s={search_term_string}\"},\"query-input\":{\"@type\":\"PropertyValueSpecification\",\"valueRequired\":true,\"valueName\":\"search_term_string\"}}],\"inLanguage\":\"de\"}]}<\/script>\n<!-- \/ Yoast SEO Premium plugin. -->","yoast_head_json":{"title":"H\u00e4ufig gestellte Fragen f\u00fcr Gruppenleiter | Saprea","description":"Unser FAQ-Bereich f\u00fcr Gruppenleiterinnen bietet praktische Ressourcen und Tipps, die dir helfen, ein sicheres und unterst\u00fctzendes Umfeld zu schaffen.","robots":{"index":"index","follow":"follow","max-snippet":"max-snippet:-1","max-image-preview":"max-image-preview:large","max-video-preview":"max-video-preview:-1"},"canonical":"https:\/\/supportgroups.saprea.org\/de\/ressourcen-fuer-gruppenleiter\/gruppenleiter-faq\/","og_locale":"de_DE","og_type":"article","og_title":"H\u00c4UFIG GESTELLTE FRAGEN","og_description":"Unser FAQ-Bereich f\u00fcr Gruppenleiterinnen bietet praktische Ressourcen und Tipps, die dir helfen, ein sicheres und unterst\u00fctzendes Umfeld zu schaffen.","og_url":"https:\/\/supportgroups.saprea.org\/de\/ressourcen-fuer-gruppenleiter\/gruppenleiter-faq\/","og_site_name":"Saprea Groups","article_modified_time":"2023-06-12T22:30:08+00:00","twitter_card":"summary_large_image","twitter_misc":{"Gesch\u00e4tzte Lesezeit":"18\u00a0Minuten"},"schema":{"@context":"https:\/\/schema.org","@graph":[{"@type":"WebPage","@id":"https:\/\/supportgroups.saprea.org\/de\/ressourcen-fuer-gruppenleiter\/gruppenleiter-faq\/","url":"https:\/\/supportgroups.saprea.org\/de\/ressourcen-fuer-gruppenleiter\/gruppenleiter-faq\/","name":"H\u00e4ufig gestellte Fragen f\u00fcr Gruppenleiter | Saprea","isPartOf":{"@id":"https:\/\/supportgroups.saprea.org\/de\/#website"},"datePublished":"2023-05-22T20:35:16+00:00","dateModified":"2023-06-12T22:30:08+00:00","description":"Unser FAQ-Bereich f\u00fcr Gruppenleiterinnen bietet praktische Ressourcen und Tipps, die dir helfen, ein sicheres und unterst\u00fctzendes Umfeld zu schaffen.","breadcrumb":{"@id":"https:\/\/supportgroups.saprea.org\/de\/ressourcen-fuer-gruppenleiter\/gruppenleiter-faq\/#breadcrumb"},"inLanguage":"de","potentialAction":[{"@type":"ReadAction","target":["https:\/\/supportgroups.saprea.org\/de\/ressourcen-fuer-gruppenleiter\/gruppenleiter-faq\/"]}]},{"@type":"BreadcrumbList","@id":"https:\/\/supportgroups.saprea.org\/de\/ressourcen-fuer-gruppenleiter\/gruppenleiter-faq\/#breadcrumb","itemListElement":[{"@type":"ListItem","position":1,"name":"Home","item":"https:\/\/supportgroups.saprea.org\/de\/saprea-selbsthilfegruppen\/"},{"@type":"ListItem","position":2,"name":"Ressourcen f\u00fcr Gruppenleiter","item":"https:\/\/supportgroups.saprea.org\/de\/ressourcen-fuer-gruppenleiter\/"},{"@type":"ListItem","position":3,"name":"H\u00c4UFIG GESTELLTE FRAGEN"}]},{"@type":"WebSite","@id":"https:\/\/supportgroups.saprea.org\/de\/#website","url":"https:\/\/supportgroups.saprea.org\/de\/","name":"Saprea Groups","description":"","potentialAction":[{"@type":"SearchAction","target":{"@type":"EntryPoint","urlTemplate":"https:\/\/supportgroups.saprea.org\/de\/?s={search_term_string}"},"query-input":{"@type":"PropertyValueSpecification","valueRequired":true,"valueName":"search_term_string"}}],"inLanguage":"de"}]}},"_links":{"self":[{"href":"https:\/\/supportgroups.saprea.org\/de\/wp-json\/wp\/v2\/pages\/9316","targetHints":{"allow":["GET"]}}],"collection":[{"href":"https:\/\/supportgroups.saprea.org\/de\/wp-json\/wp\/v2\/pages"}],"about":[{"href":"https:\/\/supportgroups.saprea.org\/de\/wp-json\/wp\/v2\/types\/page"}],"author":[{"embeddable":true,"href":"https:\/\/supportgroups.saprea.org\/de\/wp-json\/wp\/v2\/users\/2"}],"replies":[{"embeddable":true,"href":"https:\/\/supportgroups.saprea.org\/de\/wp-json\/wp\/v2\/comments?post=9316"}],"version-history":[{"count":15,"href":"https:\/\/supportgroups.saprea.org\/de\/wp-json\/wp\/v2\/pages\/9316\/revisions"}],"predecessor-version":[{"id":10194,"href":"https:\/\/supportgroups.saprea.org\/de\/wp-json\/wp\/v2\/pages\/9316\/revisions\/10194"}],"up":[{"embeddable":true,"href":"https:\/\/supportgroups.saprea.org\/de\/wp-json\/wp\/v2\/pages\/8482"}],"wp:attachment":[{"href":"https:\/\/supportgroups.saprea.org\/de\/wp-json\/wp\/v2\/media?parent=9316"}],"curies":[{"name":"wp","href":"https:\/\/api.w.org\/{rel}","templated":true}]}}