{"id":9647,"date":"2023-05-22T11:47:27","date_gmt":"2023-05-22T11:47:27","guid":{"rendered":"https:\/\/supportgroups.saprea.org\/neues-gruppenformular\/"},"modified":"2026-01-12T19:41:04","modified_gmt":"2026-01-12T19:41:04","slug":"neues-gruppenformular","status":"publish","type":"page","link":"https:\/\/supportgroups.saprea.org\/de\/neues-gruppenformular\/","title":{"rendered":"Neues Gruppenformular"},"content":{"rendered":"<div id=\"cs-content\" class=\"cs-content\"><\/div>\n","protected":false},"excerpt":{"rendered":"<p>Registriere deine GruppeDanke, dass du eine Saprea-Selbsthilfegruppe gegr\u00fcndet hast. Deine Mithilfe wird dazu beitragen, Betroffenen in deiner Gemeinschaft Hoffnung und Heilung zu bringen. Name(erforderlich) Vorname Nachname Telefonnummer (mit Landesvorwahl):(erforderlich)M\u00f6chtest du informationen dar\u00fcber, wie du unserer What&#039;s-App-Gruppe beitreten kannst?(erforderlich) Ja Nein Pers\u00f6nliche E-mail(erforderlich)Wir verwenden diese E-Mail-Adresse f\u00fcr Neuigkeiten und Updates, damit du nichts verpasst, auch wenn [&hellip;]<\/p>\n","protected":false},"author":2,"featured_media":0,"parent":0,"menu_order":0,"comment_status":"closed","ping_status":"closed","template":"","meta":{"_acf_changed":false,"footnotes":""},"class_list":["post-9647","page","type-page","status-publish","hentry"],"acf":[],"yoast_head":"<!-- This site is optimized with the Yoast SEO Premium plugin v27.3 (Yoast SEO v27.3) - https:\/\/yoast.com\/product\/yoast-seo-premium-wordpress\/ -->\n<title>Neues Gruppenformular | Saprea-Selbsthilfegruppen<\/title>\n<meta name=\"description\" content=\"Registriere dich und gr\u00fcnde deine Saprea-Selbsthilfegruppe f\u00fcr Betroffene sexuellen Kindesmissbrauchs. Deine Initiative wird dazu beitragen, den Frauen in deiner Gemeinschaft Heilung zu bringen.\" \/>\n<meta name=\"robots\" content=\"index, follow, max-snippet:-1, max-image-preview:large, max-video-preview:-1\" \/>\n<link rel=\"canonical\" href=\"https:\/\/supportgroups.saprea.org\/de\/neues-gruppenformular\/\" \/>\n<meta property=\"og:locale\" content=\"de_DE\" \/>\n<meta property=\"og:type\" content=\"article\" \/>\n<meta property=\"og:title\" content=\"Neues Gruppenformular\" \/>\n<meta property=\"og:description\" content=\"Registriere dich und gr\u00fcnde deine Saprea-Selbsthilfegruppe f\u00fcr Betroffene sexuellen Kindesmissbrauchs. Deine Initiative wird dazu beitragen, den Frauen in deiner Gemeinschaft Heilung zu bringen.\" \/>\n<meta property=\"og:url\" content=\"https:\/\/supportgroups.saprea.org\/de\/neues-gruppenformular\/\" \/>\n<meta property=\"og:site_name\" content=\"Saprea Groups\" \/>\n<meta property=\"article:modified_time\" content=\"2026-01-12T19:41:04+00:00\" \/>\n<meta name=\"twitter:card\" content=\"summary_large_image\" \/>\n<meta name=\"twitter:label1\" content=\"Gesch\u00e4tzte Lesezeit\" \/>\n\t<meta name=\"twitter:data1\" content=\"1\u00a0Minute\" \/>\n<script type=\"application\/ld+json\" class=\"yoast-schema-graph\">{\"@context\":\"https:\\\/\\\/schema.org\",\"@graph\":[{\"@type\":\"WebPage\",\"@id\":\"https:\\\/\\\/supportgroups.saprea.org\\\/de\\\/neues-gruppenformular\\\/\",\"url\":\"https:\\\/\\\/supportgroups.saprea.org\\\/de\\\/neues-gruppenformular\\\/\",\"name\":\"Neues Gruppenformular | Saprea-Selbsthilfegruppen\",\"isPartOf\":{\"@id\":\"https:\\\/\\\/supportgroups.saprea.org\\\/de\\\/#website\"},\"datePublished\":\"2023-05-22T11:47:27+00:00\",\"dateModified\":\"2026-01-12T19:41:04+00:00\",\"description\":\"Registriere dich und gr\u00fcnde deine Saprea-Selbsthilfegruppe f\u00fcr Betroffene sexuellen Kindesmissbrauchs. Deine Initiative wird dazu beitragen, den Frauen in deiner Gemeinschaft Heilung zu bringen.\",\"breadcrumb\":{\"@id\":\"https:\\\/\\\/supportgroups.saprea.org\\\/de\\\/neues-gruppenformular\\\/#breadcrumb\"},\"inLanguage\":\"de\",\"potentialAction\":[{\"@type\":\"ReadAction\",\"target\":[\"https:\\\/\\\/supportgroups.saprea.org\\\/de\\\/neues-gruppenformular\\\/\"]}]},{\"@type\":\"BreadcrumbList\",\"@id\":\"https:\\\/\\\/supportgroups.saprea.org\\\/de\\\/neues-gruppenformular\\\/#breadcrumb\",\"itemListElement\":[{\"@type\":\"ListItem\",\"position\":1,\"name\":\"Home\",\"item\":\"https:\\\/\\\/supportgroups.saprea.org\\\/de\\\/saprea-selbsthilfegruppen\\\/\"},{\"@type\":\"ListItem\",\"position\":2,\"name\":\"Neues Gruppenformular\"}]},{\"@type\":\"WebSite\",\"@id\":\"https:\\\/\\\/supportgroups.saprea.org\\\/de\\\/#website\",\"url\":\"https:\\\/\\\/supportgroups.saprea.org\\\/de\\\/\",\"name\":\"Saprea Groups\",\"description\":\"\",\"potentialAction\":[{\"@type\":\"SearchAction\",\"target\":{\"@type\":\"EntryPoint\",\"urlTemplate\":\"https:\\\/\\\/supportgroups.saprea.org\\\/de\\\/?s={search_term_string}\"},\"query-input\":{\"@type\":\"PropertyValueSpecification\",\"valueRequired\":true,\"valueName\":\"search_term_string\"}}],\"inLanguage\":\"de\"}]}<\/script>\n<!-- \/ Yoast SEO Premium plugin. -->","yoast_head_json":{"title":"Neues Gruppenformular | Saprea-Selbsthilfegruppen","description":"Registriere dich und gr\u00fcnde deine Saprea-Selbsthilfegruppe f\u00fcr Betroffene sexuellen Kindesmissbrauchs. Deine Initiative wird dazu beitragen, den Frauen in deiner Gemeinschaft Heilung zu bringen.","robots":{"index":"index","follow":"follow","max-snippet":"max-snippet:-1","max-image-preview":"max-image-preview:large","max-video-preview":"max-video-preview:-1"},"canonical":"https:\/\/supportgroups.saprea.org\/de\/neues-gruppenformular\/","og_locale":"de_DE","og_type":"article","og_title":"Neues Gruppenformular","og_description":"Registriere dich und gr\u00fcnde deine Saprea-Selbsthilfegruppe f\u00fcr Betroffene sexuellen Kindesmissbrauchs. Deine Initiative wird dazu beitragen, den Frauen in deiner Gemeinschaft Heilung zu bringen.","og_url":"https:\/\/supportgroups.saprea.org\/de\/neues-gruppenformular\/","og_site_name":"Saprea Groups","article_modified_time":"2026-01-12T19:41:04+00:00","twitter_card":"summary_large_image","twitter_misc":{"Gesch\u00e4tzte Lesezeit":"1\u00a0Minute"},"schema":{"@context":"https:\/\/schema.org","@graph":[{"@type":"WebPage","@id":"https:\/\/supportgroups.saprea.org\/de\/neues-gruppenformular\/","url":"https:\/\/supportgroups.saprea.org\/de\/neues-gruppenformular\/","name":"Neues Gruppenformular | Saprea-Selbsthilfegruppen","isPartOf":{"@id":"https:\/\/supportgroups.saprea.org\/de\/#website"},"datePublished":"2023-05-22T11:47:27+00:00","dateModified":"2026-01-12T19:41:04+00:00","description":"Registriere dich und gr\u00fcnde deine Saprea-Selbsthilfegruppe f\u00fcr Betroffene sexuellen Kindesmissbrauchs. Deine Initiative wird dazu beitragen, den Frauen in deiner Gemeinschaft Heilung zu bringen.","breadcrumb":{"@id":"https:\/\/supportgroups.saprea.org\/de\/neues-gruppenformular\/#breadcrumb"},"inLanguage":"de","potentialAction":[{"@type":"ReadAction","target":["https:\/\/supportgroups.saprea.org\/de\/neues-gruppenformular\/"]}]},{"@type":"BreadcrumbList","@id":"https:\/\/supportgroups.saprea.org\/de\/neues-gruppenformular\/#breadcrumb","itemListElement":[{"@type":"ListItem","position":1,"name":"Home","item":"https:\/\/supportgroups.saprea.org\/de\/saprea-selbsthilfegruppen\/"},{"@type":"ListItem","position":2,"name":"Neues Gruppenformular"}]},{"@type":"WebSite","@id":"https:\/\/supportgroups.saprea.org\/de\/#website","url":"https:\/\/supportgroups.saprea.org\/de\/","name":"Saprea Groups","description":"","potentialAction":[{"@type":"SearchAction","target":{"@type":"EntryPoint","urlTemplate":"https:\/\/supportgroups.saprea.org\/de\/?s={search_term_string}"},"query-input":{"@type":"PropertyValueSpecification","valueRequired":true,"valueName":"search_term_string"}}],"inLanguage":"de"}]}},"_links":{"self":[{"href":"https:\/\/supportgroups.saprea.org\/de\/wp-json\/wp\/v2\/pages\/9647","targetHints":{"allow":["GET"]}}],"collection":[{"href":"https:\/\/supportgroups.saprea.org\/de\/wp-json\/wp\/v2\/pages"}],"about":[{"href":"https:\/\/supportgroups.saprea.org\/de\/wp-json\/wp\/v2\/types\/page"}],"author":[{"embeddable":true,"href":"https:\/\/supportgroups.saprea.org\/de\/wp-json\/wp\/v2\/users\/2"}],"replies":[{"embeddable":true,"href":"https:\/\/supportgroups.saprea.org\/de\/wp-json\/wp\/v2\/comments?post=9647"}],"version-history":[{"count":6,"href":"https:\/\/supportgroups.saprea.org\/de\/wp-json\/wp\/v2\/pages\/9647\/revisions"}],"predecessor-version":[{"id":11082,"href":"https:\/\/supportgroups.saprea.org\/de\/wp-json\/wp\/v2\/pages\/9647\/revisions\/11082"}],"wp:attachment":[{"href":"https:\/\/supportgroups.saprea.org\/de\/wp-json\/wp\/v2\/media?parent=9647"}],"curies":[{"name":"wp","href":"https:\/\/api.w.org\/{rel}","templated":true}]}}