{"id":9664,"date":"2023-05-10T21:21:21","date_gmt":"2023-05-10T21:21:21","guid":{"rendered":"https:\/\/supportgroups.saprea.org\/support-groups-scripts-german\/"},"modified":"2023-06-20T22:53:34","modified_gmt":"2023-06-20T22:53:34","slug":"skripte-fuer-das-gruppentreffen","status":"publish","type":"page","link":"https:\/\/supportgroups.saprea.org\/de\/skripte-fuer-das-gruppentreffen\/","title":{"rendered":"Skripte f\u00fcr das Gruppentreffen"},"content":{"rendered":"<div id=\"cs-content\" class=\"cs-content\"><\/div>\n","protected":false},"excerpt":{"rendered":"<p>Skripte f\u00fcr das Gruppentreffen\u2726Skripte f\u00fcr Gruppentreffen sind f\u00fcr online Gruppen und Gruppentreffen vor Ort verf\u00fcgbar.Du kannst die Skripte direkt in deinem Webbrowser aufrufen. Du hast ebenfalls die M\u00f6glichkeit, die Skripte herunterzuladen und auszudrucken, um sie bei Gruppentreffen zu verwenden. SKRIPT HERUNTERLADEN F\u00dcR GRUPPENTREFFEN VOR ORT SKRIPT HERUNTERLADEN F\u00dcR ONLINE-GRUPPENTREFFEN Selbsthilfegruppen-Skript Willkommen GRUPPENLEITER A: Herzlich willkommen! [&hellip;]<\/p>\n","protected":false},"author":2,"featured_media":0,"parent":0,"menu_order":0,"comment_status":"closed","ping_status":"closed","template":"","meta":{"_acf_changed":false,"footnotes":""},"class_list":["post-9664","page","type-page","status-publish","hentry"],"acf":[],"yoast_head":"<!-- This site is optimized with the Yoast SEO Premium plugin v27.3 (Yoast SEO v27.3) - https:\/\/yoast.com\/product\/yoast-seo-premium-wordpress\/ -->\n<title>Skripte f\u00fcr das Gruppentreffen | Selbsthilfegruppen<\/title>\n<meta name=\"description\" content=\"Es gibt Skripte f\u00fcr Gruppentreffen, die in Person oder online stattfinden. Rufe sie auf oder lade sie dir herunter.\" \/>\n<meta name=\"robots\" content=\"index, follow, max-snippet:-1, max-image-preview:large, max-video-preview:-1\" \/>\n<link rel=\"canonical\" href=\"https:\/\/supportgroups.saprea.org\/de\/skripte-fuer-das-gruppentreffen\/\" \/>\n<meta property=\"og:locale\" content=\"de_DE\" \/>\n<meta property=\"og:type\" content=\"article\" \/>\n<meta property=\"og:title\" content=\"Skripte f\u00fcr das Gruppentreffen\" \/>\n<meta property=\"og:description\" content=\"Es gibt Skripte f\u00fcr Gruppentreffen, die in Person oder online stattfinden. Rufe sie auf oder lade sie dir herunter.\" \/>\n<meta property=\"og:url\" content=\"https:\/\/supportgroups.saprea.org\/de\/skripte-fuer-das-gruppentreffen\/\" \/>\n<meta property=\"og:site_name\" content=\"Saprea Groups\" \/>\n<meta property=\"article:modified_time\" content=\"2023-06-20T22:53:34+00:00\" \/>\n<meta property=\"og:image\" content=\"https:\/\/supportgroups.saprea.org\/wp-content\/uploads\/2023\/05\/DE-EmotionWheel.png\" \/>\n<meta name=\"twitter:card\" content=\"summary_large_image\" \/>\n<meta name=\"twitter:label1\" content=\"Gesch\u00e4tzte Lesezeit\" \/>\n\t<meta name=\"twitter:data1\" content=\"33\u00a0Minuten\" \/>\n<script type=\"application\/ld+json\" class=\"yoast-schema-graph\">{\"@context\":\"https:\\\/\\\/schema.org\",\"@graph\":[{\"@type\":\"WebPage\",\"@id\":\"https:\\\/\\\/supportgroups.saprea.org\\\/de\\\/skripte-fuer-das-gruppentreffen\\\/\",\"url\":\"https:\\\/\\\/supportgroups.saprea.org\\\/de\\\/skripte-fuer-das-gruppentreffen\\\/\",\"name\":\"Skripte f\u00fcr das Gruppentreffen | Selbsthilfegruppen\",\"isPartOf\":{\"@id\":\"https:\\\/\\\/supportgroups.saprea.org\\\/de\\\/#website\"},\"primaryImageOfPage\":{\"@id\":\"https:\\\/\\\/supportgroups.saprea.org\\\/de\\\/skripte-fuer-das-gruppentreffen\\\/#primaryimage\"},\"image\":{\"@id\":\"https:\\\/\\\/supportgroups.saprea.org\\\/de\\\/skripte-fuer-das-gruppentreffen\\\/#primaryimage\"},\"thumbnailUrl\":\"https:\\\/\\\/supportgroups.saprea.org\\\/wp-content\\\/uploads\\\/2023\\\/05\\\/DE-EmotionWheel.png\",\"datePublished\":\"2023-05-10T21:21:21+00:00\",\"dateModified\":\"2023-06-20T22:53:34+00:00\",\"description\":\"Es gibt Skripte f\u00fcr Gruppentreffen, die in Person oder online stattfinden. Rufe sie auf oder lade sie dir herunter.\",\"breadcrumb\":{\"@id\":\"https:\\\/\\\/supportgroups.saprea.org\\\/de\\\/skripte-fuer-das-gruppentreffen\\\/#breadcrumb\"},\"inLanguage\":\"de\",\"potentialAction\":[{\"@type\":\"ReadAction\",\"target\":[\"https:\\\/\\\/supportgroups.saprea.org\\\/de\\\/skripte-fuer-das-gruppentreffen\\\/\"]}]},{\"@type\":\"ImageObject\",\"inLanguage\":\"de\",\"@id\":\"https:\\\/\\\/supportgroups.saprea.org\\\/de\\\/skripte-fuer-das-gruppentreffen\\\/#primaryimage\",\"url\":\"https:\\\/\\\/supportgroups.saprea.org\\\/wp-content\\\/uploads\\\/2023\\\/05\\\/DE-EmotionWheel.png\",\"contentUrl\":\"https:\\\/\\\/supportgroups.saprea.org\\\/wp-content\\\/uploads\\\/2023\\\/05\\\/DE-EmotionWheel.png\"},{\"@type\":\"BreadcrumbList\",\"@id\":\"https:\\\/\\\/supportgroups.saprea.org\\\/de\\\/skripte-fuer-das-gruppentreffen\\\/#breadcrumb\",\"itemListElement\":[{\"@type\":\"ListItem\",\"position\":1,\"name\":\"Home\",\"item\":\"https:\\\/\\\/supportgroups.saprea.org\\\/de\\\/saprea-selbsthilfegruppen\\\/\"},{\"@type\":\"ListItem\",\"position\":2,\"name\":\"Skripte f\u00fcr das Gruppentreffen\"}]},{\"@type\":\"WebSite\",\"@id\":\"https:\\\/\\\/supportgroups.saprea.org\\\/de\\\/#website\",\"url\":\"https:\\\/\\\/supportgroups.saprea.org\\\/de\\\/\",\"name\":\"Saprea Groups\",\"description\":\"\",\"potentialAction\":[{\"@type\":\"SearchAction\",\"target\":{\"@type\":\"EntryPoint\",\"urlTemplate\":\"https:\\\/\\\/supportgroups.saprea.org\\\/de\\\/?s={search_term_string}\"},\"query-input\":{\"@type\":\"PropertyValueSpecification\",\"valueRequired\":true,\"valueName\":\"search_term_string\"}}],\"inLanguage\":\"de\"}]}<\/script>\n<!-- \/ Yoast SEO Premium plugin. -->","yoast_head_json":{"title":"Skripte f\u00fcr das Gruppentreffen | Selbsthilfegruppen","description":"Es gibt Skripte f\u00fcr Gruppentreffen, die in Person oder online stattfinden. Rufe sie auf oder lade sie dir herunter.","robots":{"index":"index","follow":"follow","max-snippet":"max-snippet:-1","max-image-preview":"max-image-preview:large","max-video-preview":"max-video-preview:-1"},"canonical":"https:\/\/supportgroups.saprea.org\/de\/skripte-fuer-das-gruppentreffen\/","og_locale":"de_DE","og_type":"article","og_title":"Skripte f\u00fcr das Gruppentreffen","og_description":"Es gibt Skripte f\u00fcr Gruppentreffen, die in Person oder online stattfinden. Rufe sie auf oder lade sie dir herunter.","og_url":"https:\/\/supportgroups.saprea.org\/de\/skripte-fuer-das-gruppentreffen\/","og_site_name":"Saprea Groups","article_modified_time":"2023-06-20T22:53:34+00:00","og_image":[{"url":"https:\/\/supportgroups.saprea.org\/wp-content\/uploads\/2023\/05\/DE-EmotionWheel.png","type":"","width":"","height":""}],"twitter_card":"summary_large_image","twitter_misc":{"Gesch\u00e4tzte Lesezeit":"33\u00a0Minuten"},"schema":{"@context":"https:\/\/schema.org","@graph":[{"@type":"WebPage","@id":"https:\/\/supportgroups.saprea.org\/de\/skripte-fuer-das-gruppentreffen\/","url":"https:\/\/supportgroups.saprea.org\/de\/skripte-fuer-das-gruppentreffen\/","name":"Skripte f\u00fcr das Gruppentreffen | Selbsthilfegruppen","isPartOf":{"@id":"https:\/\/supportgroups.saprea.org\/de\/#website"},"primaryImageOfPage":{"@id":"https:\/\/supportgroups.saprea.org\/de\/skripte-fuer-das-gruppentreffen\/#primaryimage"},"image":{"@id":"https:\/\/supportgroups.saprea.org\/de\/skripte-fuer-das-gruppentreffen\/#primaryimage"},"thumbnailUrl":"https:\/\/supportgroups.saprea.org\/wp-content\/uploads\/2023\/05\/DE-EmotionWheel.png","datePublished":"2023-05-10T21:21:21+00:00","dateModified":"2023-06-20T22:53:34+00:00","description":"Es gibt Skripte f\u00fcr Gruppentreffen, die in Person oder online stattfinden. Rufe sie auf oder lade sie dir herunter.","breadcrumb":{"@id":"https:\/\/supportgroups.saprea.org\/de\/skripte-fuer-das-gruppentreffen\/#breadcrumb"},"inLanguage":"de","potentialAction":[{"@type":"ReadAction","target":["https:\/\/supportgroups.saprea.org\/de\/skripte-fuer-das-gruppentreffen\/"]}]},{"@type":"ImageObject","inLanguage":"de","@id":"https:\/\/supportgroups.saprea.org\/de\/skripte-fuer-das-gruppentreffen\/#primaryimage","url":"https:\/\/supportgroups.saprea.org\/wp-content\/uploads\/2023\/05\/DE-EmotionWheel.png","contentUrl":"https:\/\/supportgroups.saprea.org\/wp-content\/uploads\/2023\/05\/DE-EmotionWheel.png"},{"@type":"BreadcrumbList","@id":"https:\/\/supportgroups.saprea.org\/de\/skripte-fuer-das-gruppentreffen\/#breadcrumb","itemListElement":[{"@type":"ListItem","position":1,"name":"Home","item":"https:\/\/supportgroups.saprea.org\/de\/saprea-selbsthilfegruppen\/"},{"@type":"ListItem","position":2,"name":"Skripte f\u00fcr das Gruppentreffen"}]},{"@type":"WebSite","@id":"https:\/\/supportgroups.saprea.org\/de\/#website","url":"https:\/\/supportgroups.saprea.org\/de\/","name":"Saprea Groups","description":"","potentialAction":[{"@type":"SearchAction","target":{"@type":"EntryPoint","urlTemplate":"https:\/\/supportgroups.saprea.org\/de\/?s={search_term_string}"},"query-input":{"@type":"PropertyValueSpecification","valueRequired":true,"valueName":"search_term_string"}}],"inLanguage":"de"}]}},"_links":{"self":[{"href":"https:\/\/supportgroups.saprea.org\/de\/wp-json\/wp\/v2\/pages\/9664","targetHints":{"allow":["GET"]}}],"collection":[{"href":"https:\/\/supportgroups.saprea.org\/de\/wp-json\/wp\/v2\/pages"}],"about":[{"href":"https:\/\/supportgroups.saprea.org\/de\/wp-json\/wp\/v2\/types\/page"}],"author":[{"embeddable":true,"href":"https:\/\/supportgroups.saprea.org\/de\/wp-json\/wp\/v2\/users\/2"}],"replies":[{"embeddable":true,"href":"https:\/\/supportgroups.saprea.org\/de\/wp-json\/wp\/v2\/comments?post=9664"}],"version-history":[{"count":11,"href":"https:\/\/supportgroups.saprea.org\/de\/wp-json\/wp\/v2\/pages\/9664\/revisions"}],"predecessor-version":[{"id":10193,"href":"https:\/\/supportgroups.saprea.org\/de\/wp-json\/wp\/v2\/pages\/9664\/revisions\/10193"}],"wp:attachment":[{"href":"https:\/\/supportgroups.saprea.org\/de\/wp-json\/wp\/v2\/media?parent=9664"}],"curies":[{"name":"wp","href":"https:\/\/api.w.org\/{rel}","templated":true}]}}