{"id":8506,"date":"2023-05-19T18:52:45","date_gmt":"2023-05-19T18:52:45","guid":{"rendered":"https:\/\/sapreagroups.com\/group-leaders-resources-spanish\/"},"modified":"2023-06-21T15:36:51","modified_gmt":"2023-06-21T15:36:51","slug":"recursos-para-lider-de-grupo","status":"publish","type":"page","link":"https:\/\/supportgroups.saprea.org\/es\/recursos-para-lider-de-grupo\/","title":{"rendered":"Recursos para el L\u00edder de Grupo"},"content":{"rendered":"<div id=\"cs-content\" class=\"cs-content\"><\/div>\n","protected":false},"excerpt":{"rendered":"<p>Recursos para L\u00edderes de GrupoA continuaci\u00f3n encontrar\u00e1s los materiales que necesitar\u00e1s antes de dirigir una reuni\u00f3n de grupo.\u2726Hoja de trabajo de referencia de recursosEsta hoja de trabajo te ayuda a prepararte para ofrecer recursos durante la reuni\u00f3n de grupo si surge la necesidad. Imprime y completa esta Hoja de trabajo de referencia de recursos antes [&hellip;]<\/p>\n","protected":false},"author":2,"featured_media":0,"parent":0,"menu_order":0,"comment_status":"closed","ping_status":"closed","template":"","meta":{"_acf_changed":false,"footnotes":""},"class_list":["post-8506","page","type-page","status-publish","hentry"],"acf":[],"yoast_head":"<!-- This site is optimized with the Yoast SEO Premium plugin v27.3 (Yoast SEO v27.3) - https:\/\/yoast.com\/product\/yoast-seo-premium-wordpress\/ -->\n<title>Recursos para el L\u00edder de Grupo | Grupos de Apoyo<\/title>\n<meta name=\"description\" content=\"\u00a0Las L\u00edderes de Grupos de Apoyo Saprea pueden encontrar los recursos que necesitar\u00e1n antes de dirigir una reuni\u00f3n de grupo.\" \/>\n<meta name=\"robots\" content=\"index, follow, max-snippet:-1, max-image-preview:large, max-video-preview:-1\" \/>\n<link rel=\"canonical\" href=\"https:\/\/supportgroups.saprea.org\/es\/recursos-para-lider-de-grupo\/\" \/>\n<meta property=\"og:locale\" content=\"es_ES\" \/>\n<meta property=\"og:type\" content=\"article\" \/>\n<meta property=\"og:title\" content=\"Recursos para el L\u00edder de Grupo\" \/>\n<meta property=\"og:description\" content=\"\u00a0Las L\u00edderes de Grupos de Apoyo Saprea pueden encontrar los recursos que necesitar\u00e1n antes de dirigir una reuni\u00f3n de grupo.\" \/>\n<meta property=\"og:url\" content=\"https:\/\/supportgroups.saprea.org\/es\/recursos-para-lider-de-grupo\/\" \/>\n<meta property=\"og:site_name\" content=\"Saprea Groups\" \/>\n<meta property=\"article:modified_time\" content=\"2023-06-21T15:36:51+00:00\" \/>\n<meta name=\"twitter:card\" content=\"summary_large_image\" \/>\n<meta name=\"twitter:label1\" content=\"Tiempo de lectura\" \/>\n\t<meta name=\"twitter:data1\" content=\"2 minutos\" \/>\n<script type=\"application\/ld+json\" class=\"yoast-schema-graph\">{\"@context\":\"https:\\\/\\\/schema.org\",\"@graph\":[{\"@type\":\"WebPage\",\"@id\":\"https:\\\/\\\/supportgroups.saprea.org\\\/es\\\/recursos-para-lider-de-grupo\\\/\",\"url\":\"https:\\\/\\\/supportgroups.saprea.org\\\/es\\\/recursos-para-lider-de-grupo\\\/\",\"name\":\"Recursos para el L\u00edder de Grupo | Grupos de Apoyo\",\"isPartOf\":{\"@id\":\"https:\\\/\\\/supportgroups.saprea.org\\\/es\\\/#website\"},\"datePublished\":\"2023-05-19T18:52:45+00:00\",\"dateModified\":\"2023-06-21T15:36:51+00:00\",\"description\":\"\u00a0Las L\u00edderes de Grupos de Apoyo Saprea pueden encontrar los recursos que necesitar\u00e1n antes de dirigir una reuni\u00f3n de grupo.\",\"breadcrumb\":{\"@id\":\"https:\\\/\\\/supportgroups.saprea.org\\\/es\\\/recursos-para-lider-de-grupo\\\/#breadcrumb\"},\"inLanguage\":\"es\",\"potentialAction\":[{\"@type\":\"ReadAction\",\"target\":[\"https:\\\/\\\/supportgroups.saprea.org\\\/es\\\/recursos-para-lider-de-grupo\\\/\"]}]},{\"@type\":\"BreadcrumbList\",\"@id\":\"https:\\\/\\\/supportgroups.saprea.org\\\/es\\\/recursos-para-lider-de-grupo\\\/#breadcrumb\",\"itemListElement\":[{\"@type\":\"ListItem\",\"position\":1,\"name\":\"Home\",\"item\":\"https:\\\/\\\/supportgroups.saprea.org\\\/es\\\/grupos-de-apoyo-saprea\\\/\"},{\"@type\":\"ListItem\",\"position\":2,\"name\":\"Recursos para el L\u00edder de Grupo\"}]},{\"@type\":\"WebSite\",\"@id\":\"https:\\\/\\\/supportgroups.saprea.org\\\/es\\\/#website\",\"url\":\"https:\\\/\\\/supportgroups.saprea.org\\\/es\\\/\",\"name\":\"Saprea Groups\",\"description\":\"\",\"potentialAction\":[{\"@type\":\"SearchAction\",\"target\":{\"@type\":\"EntryPoint\",\"urlTemplate\":\"https:\\\/\\\/supportgroups.saprea.org\\\/es\\\/?s={search_term_string}\"},\"query-input\":{\"@type\":\"PropertyValueSpecification\",\"valueRequired\":true,\"valueName\":\"search_term_string\"}}],\"inLanguage\":\"es\"}]}<\/script>\n<!-- \/ Yoast SEO Premium plugin. -->","yoast_head_json":{"title":"Recursos para el L\u00edder de Grupo | Grupos de Apoyo","description":"\u00a0Las L\u00edderes de Grupos de Apoyo Saprea pueden encontrar los recursos que necesitar\u00e1n antes de dirigir una reuni\u00f3n de grupo.","robots":{"index":"index","follow":"follow","max-snippet":"max-snippet:-1","max-image-preview":"max-image-preview:large","max-video-preview":"max-video-preview:-1"},"canonical":"https:\/\/supportgroups.saprea.org\/es\/recursos-para-lider-de-grupo\/","og_locale":"es_ES","og_type":"article","og_title":"Recursos para el L\u00edder de Grupo","og_description":"\u00a0Las L\u00edderes de Grupos de Apoyo Saprea pueden encontrar los recursos que necesitar\u00e1n antes de dirigir una reuni\u00f3n de grupo.","og_url":"https:\/\/supportgroups.saprea.org\/es\/recursos-para-lider-de-grupo\/","og_site_name":"Saprea Groups","article_modified_time":"2023-06-21T15:36:51+00:00","twitter_card":"summary_large_image","twitter_misc":{"Tiempo de lectura":"2 minutos"},"schema":{"@context":"https:\/\/schema.org","@graph":[{"@type":"WebPage","@id":"https:\/\/supportgroups.saprea.org\/es\/recursos-para-lider-de-grupo\/","url":"https:\/\/supportgroups.saprea.org\/es\/recursos-para-lider-de-grupo\/","name":"Recursos para el L\u00edder de Grupo | Grupos de Apoyo","isPartOf":{"@id":"https:\/\/supportgroups.saprea.org\/es\/#website"},"datePublished":"2023-05-19T18:52:45+00:00","dateModified":"2023-06-21T15:36:51+00:00","description":"\u00a0Las L\u00edderes de Grupos de Apoyo Saprea pueden encontrar los recursos que necesitar\u00e1n antes de dirigir una reuni\u00f3n de grupo.","breadcrumb":{"@id":"https:\/\/supportgroups.saprea.org\/es\/recursos-para-lider-de-grupo\/#breadcrumb"},"inLanguage":"es","potentialAction":[{"@type":"ReadAction","target":["https:\/\/supportgroups.saprea.org\/es\/recursos-para-lider-de-grupo\/"]}]},{"@type":"BreadcrumbList","@id":"https:\/\/supportgroups.saprea.org\/es\/recursos-para-lider-de-grupo\/#breadcrumb","itemListElement":[{"@type":"ListItem","position":1,"name":"Home","item":"https:\/\/supportgroups.saprea.org\/es\/grupos-de-apoyo-saprea\/"},{"@type":"ListItem","position":2,"name":"Recursos para el L\u00edder de Grupo"}]},{"@type":"WebSite","@id":"https:\/\/supportgroups.saprea.org\/es\/#website","url":"https:\/\/supportgroups.saprea.org\/es\/","name":"Saprea Groups","description":"","potentialAction":[{"@type":"SearchAction","target":{"@type":"EntryPoint","urlTemplate":"https:\/\/supportgroups.saprea.org\/es\/?s={search_term_string}"},"query-input":{"@type":"PropertyValueSpecification","valueRequired":true,"valueName":"search_term_string"}}],"inLanguage":"es"}]}},"_links":{"self":[{"href":"https:\/\/supportgroups.saprea.org\/es\/wp-json\/wp\/v2\/pages\/8506","targetHints":{"allow":["GET"]}}],"collection":[{"href":"https:\/\/supportgroups.saprea.org\/es\/wp-json\/wp\/v2\/pages"}],"about":[{"href":"https:\/\/supportgroups.saprea.org\/es\/wp-json\/wp\/v2\/types\/page"}],"author":[{"embeddable":true,"href":"https:\/\/supportgroups.saprea.org\/es\/wp-json\/wp\/v2\/users\/2"}],"replies":[{"embeddable":true,"href":"https:\/\/supportgroups.saprea.org\/es\/wp-json\/wp\/v2\/comments?post=8506"}],"version-history":[{"count":10,"href":"https:\/\/supportgroups.saprea.org\/es\/wp-json\/wp\/v2\/pages\/8506\/revisions"}],"predecessor-version":[{"id":9856,"href":"https:\/\/supportgroups.saprea.org\/es\/wp-json\/wp\/v2\/pages\/8506\/revisions\/9856"}],"wp:attachment":[{"href":"https:\/\/supportgroups.saprea.org\/es\/wp-json\/wp\/v2\/media?parent=8506"}],"curies":[{"name":"wp","href":"https:\/\/api.w.org\/{rel}","templated":true}]}}