{"id":9140,"date":"2023-05-19T18:45:14","date_gmt":"2023-05-19T18:45:14","guid":{"rendered":"https:\/\/sapreagroups.com\/start-a-group-spanish\/"},"modified":"2024-02-20T23:24:48","modified_gmt":"2024-02-20T23:24:48","slug":"comienza-un-grupo","status":"publish","type":"page","link":"https:\/\/supportgroups.saprea.org\/es\/comienza-un-grupo\/","title":{"rendered":"Comienza un grupo"},"content":{"rendered":"<div id=\"cs-content\" class=\"cs-content\"><\/div>\n","protected":false},"excerpt":{"rendered":"<p>Comienza un grupoLos Grupos de Apoyo Saprea est\u00e1n dirigidos por sobrevivientes, para sobrevivientes de abuso sexual infantil. Esto significa que si eres una mujer sobreviviente adulta (18 a\u00f1os o m\u00e1s), tienes la oportunidad de iniciar tu propio grupo, en persona o en l\u00ednea. Al ofrecer recursos de sanaci\u00f3n a otras sobrevivientes de tu zona, puedes [&hellip;]<\/p>\n","protected":false},"author":2,"featured_media":0,"parent":0,"menu_order":0,"comment_status":"closed","ping_status":"closed","template":"","meta":{"_acf_changed":false,"footnotes":""},"class_list":["post-9140","page","type-page","status-publish","hentry"],"acf":[],"yoast_head":"<!-- This site is optimized with the Yoast SEO Premium plugin v27.3 (Yoast SEO v27.3) - https:\/\/yoast.com\/product\/yoast-seo-premium-wordpress\/ -->\n<title>Comienza un grupo | Grupos de Apoyo Saprea<\/title>\n<meta name=\"description\" content=\"\u00a0\u00bfC\u00f3mo puedo crear un grupo de apoyo para sobrevivientes de abuso sexual? Puedes aportar recursos a tu comunidad creando un Grupo de Apoyo.\" \/>\n<meta name=\"robots\" content=\"index, follow, max-snippet:-1, max-image-preview:large, max-video-preview:-1\" \/>\n<link rel=\"canonical\" href=\"https:\/\/supportgroups.saprea.org\/es\/comienza-un-grupo\/\" \/>\n<meta property=\"og:locale\" content=\"es_ES\" \/>\n<meta property=\"og:type\" content=\"article\" \/>\n<meta property=\"og:title\" content=\"Comienza un grupo\" \/>\n<meta property=\"og:description\" content=\"\u00a0\u00bfC\u00f3mo puedo crear un grupo de apoyo para sobrevivientes de abuso sexual? Puedes aportar recursos a tu comunidad creando un Grupo de Apoyo.\" \/>\n<meta property=\"og:url\" content=\"https:\/\/supportgroups.saprea.org\/es\/comienza-un-grupo\/\" \/>\n<meta property=\"og:site_name\" content=\"Saprea Groups\" \/>\n<meta property=\"article:modified_time\" content=\"2024-02-20T23:24:48+00:00\" \/>\n<meta name=\"twitter:card\" content=\"summary_large_image\" \/>\n<meta name=\"twitter:label1\" content=\"Tiempo de lectura\" \/>\n\t<meta name=\"twitter:data1\" content=\"4 minutos\" \/>\n<script type=\"application\/ld+json\" class=\"yoast-schema-graph\">{\"@context\":\"https:\\\/\\\/schema.org\",\"@graph\":[{\"@type\":\"WebPage\",\"@id\":\"https:\\\/\\\/supportgroups.saprea.org\\\/es\\\/comienza-un-grupo\\\/\",\"url\":\"https:\\\/\\\/supportgroups.saprea.org\\\/es\\\/comienza-un-grupo\\\/\",\"name\":\"Comienza un grupo | Grupos de Apoyo Saprea\",\"isPartOf\":{\"@id\":\"https:\\\/\\\/supportgroups.saprea.org\\\/es\\\/#website\"},\"datePublished\":\"2023-05-19T18:45:14+00:00\",\"dateModified\":\"2024-02-20T23:24:48+00:00\",\"description\":\"\u00a0\u00bfC\u00f3mo puedo crear un grupo de apoyo para sobrevivientes de abuso sexual? Puedes aportar recursos a tu comunidad creando un Grupo de Apoyo.\",\"breadcrumb\":{\"@id\":\"https:\\\/\\\/supportgroups.saprea.org\\\/es\\\/comienza-un-grupo\\\/#breadcrumb\"},\"inLanguage\":\"es\",\"potentialAction\":[{\"@type\":\"ReadAction\",\"target\":[\"https:\\\/\\\/supportgroups.saprea.org\\\/es\\\/comienza-un-grupo\\\/\"]}]},{\"@type\":\"BreadcrumbList\",\"@id\":\"https:\\\/\\\/supportgroups.saprea.org\\\/es\\\/comienza-un-grupo\\\/#breadcrumb\",\"itemListElement\":[{\"@type\":\"ListItem\",\"position\":1,\"name\":\"Home\",\"item\":\"https:\\\/\\\/supportgroups.saprea.org\\\/es\\\/grupos-de-apoyo-saprea\\\/\"},{\"@type\":\"ListItem\",\"position\":2,\"name\":\"Comienza un grupo\"}]},{\"@type\":\"WebSite\",\"@id\":\"https:\\\/\\\/supportgroups.saprea.org\\\/es\\\/#website\",\"url\":\"https:\\\/\\\/supportgroups.saprea.org\\\/es\\\/\",\"name\":\"Saprea Groups\",\"description\":\"\",\"potentialAction\":[{\"@type\":\"SearchAction\",\"target\":{\"@type\":\"EntryPoint\",\"urlTemplate\":\"https:\\\/\\\/supportgroups.saprea.org\\\/es\\\/?s={search_term_string}\"},\"query-input\":{\"@type\":\"PropertyValueSpecification\",\"valueRequired\":true,\"valueName\":\"search_term_string\"}}],\"inLanguage\":\"es\"}]}<\/script>\n<!-- \/ Yoast SEO Premium plugin. -->","yoast_head_json":{"title":"Comienza un grupo | Grupos de Apoyo Saprea","description":"\u00a0\u00bfC\u00f3mo puedo crear un grupo de apoyo para sobrevivientes de abuso sexual? Puedes aportar recursos a tu comunidad creando un Grupo de Apoyo.","robots":{"index":"index","follow":"follow","max-snippet":"max-snippet:-1","max-image-preview":"max-image-preview:large","max-video-preview":"max-video-preview:-1"},"canonical":"https:\/\/supportgroups.saprea.org\/es\/comienza-un-grupo\/","og_locale":"es_ES","og_type":"article","og_title":"Comienza un grupo","og_description":"\u00a0\u00bfC\u00f3mo puedo crear un grupo de apoyo para sobrevivientes de abuso sexual? Puedes aportar recursos a tu comunidad creando un Grupo de Apoyo.","og_url":"https:\/\/supportgroups.saprea.org\/es\/comienza-un-grupo\/","og_site_name":"Saprea Groups","article_modified_time":"2024-02-20T23:24:48+00:00","twitter_card":"summary_large_image","twitter_misc":{"Tiempo de lectura":"4 minutos"},"schema":{"@context":"https:\/\/schema.org","@graph":[{"@type":"WebPage","@id":"https:\/\/supportgroups.saprea.org\/es\/comienza-un-grupo\/","url":"https:\/\/supportgroups.saprea.org\/es\/comienza-un-grupo\/","name":"Comienza un grupo | Grupos de Apoyo Saprea","isPartOf":{"@id":"https:\/\/supportgroups.saprea.org\/es\/#website"},"datePublished":"2023-05-19T18:45:14+00:00","dateModified":"2024-02-20T23:24:48+00:00","description":"\u00a0\u00bfC\u00f3mo puedo crear un grupo de apoyo para sobrevivientes de abuso sexual? Puedes aportar recursos a tu comunidad creando un Grupo de Apoyo.","breadcrumb":{"@id":"https:\/\/supportgroups.saprea.org\/es\/comienza-un-grupo\/#breadcrumb"},"inLanguage":"es","potentialAction":[{"@type":"ReadAction","target":["https:\/\/supportgroups.saprea.org\/es\/comienza-un-grupo\/"]}]},{"@type":"BreadcrumbList","@id":"https:\/\/supportgroups.saprea.org\/es\/comienza-un-grupo\/#breadcrumb","itemListElement":[{"@type":"ListItem","position":1,"name":"Home","item":"https:\/\/supportgroups.saprea.org\/es\/grupos-de-apoyo-saprea\/"},{"@type":"ListItem","position":2,"name":"Comienza un grupo"}]},{"@type":"WebSite","@id":"https:\/\/supportgroups.saprea.org\/es\/#website","url":"https:\/\/supportgroups.saprea.org\/es\/","name":"Saprea Groups","description":"","potentialAction":[{"@type":"SearchAction","target":{"@type":"EntryPoint","urlTemplate":"https:\/\/supportgroups.saprea.org\/es\/?s={search_term_string}"},"query-input":{"@type":"PropertyValueSpecification","valueRequired":true,"valueName":"search_term_string"}}],"inLanguage":"es"}]}},"_links":{"self":[{"href":"https:\/\/supportgroups.saprea.org\/es\/wp-json\/wp\/v2\/pages\/9140","targetHints":{"allow":["GET"]}}],"collection":[{"href":"https:\/\/supportgroups.saprea.org\/es\/wp-json\/wp\/v2\/pages"}],"about":[{"href":"https:\/\/supportgroups.saprea.org\/es\/wp-json\/wp\/v2\/types\/page"}],"author":[{"embeddable":true,"href":"https:\/\/supportgroups.saprea.org\/es\/wp-json\/wp\/v2\/users\/2"}],"replies":[{"embeddable":true,"href":"https:\/\/supportgroups.saprea.org\/es\/wp-json\/wp\/v2\/comments?post=9140"}],"version-history":[{"count":13,"href":"https:\/\/supportgroups.saprea.org\/es\/wp-json\/wp\/v2\/pages\/9140\/revisions"}],"predecessor-version":[{"id":10748,"href":"https:\/\/supportgroups.saprea.org\/es\/wp-json\/wp\/v2\/pages\/9140\/revisions\/10748"}],"wp:attachment":[{"href":"https:\/\/supportgroups.saprea.org\/es\/wp-json\/wp\/v2\/media?parent=9140"}],"curies":[{"name":"wp","href":"https:\/\/api.w.org\/{rel}","templated":true}]}}