{"id":9322,"date":"2023-05-22T20:35:16","date_gmt":"2023-05-22T20:35:16","guid":{"rendered":"https:\/\/supportgroups.saprea.org\/frequently-asked-questions-for-group-leaders-spanish\/"},"modified":"2023-06-12T19:43:31","modified_gmt":"2023-06-12T19:43:31","slug":"preguntas-frecuentes-lider","status":"publish","type":"page","link":"https:\/\/supportgroups.saprea.org\/es\/recursos-para-lider-de-grupo\/preguntas-frecuentes-lider\/","title":{"rendered":"Preguntas frecuentes de L\u00edder de Grupo"},"content":{"rendered":"<div id=\"cs-content\" class=\"cs-content\"><\/div>\n","protected":false},"excerpt":{"rendered":"<p>Preguntas frecuentes de L\u00edder de Grupo\u2726Si diriges un grupo de apoyo para sobrevivientes de abuso sexual infantil o buscas hacerlo, nuestra secci\u00f3n de preguntas frecuentes ofrece recursos pr\u00e1cticos y consejos para ayudarte a crear un entorno seguro y de apoyo. Podemos ayudarte a desenvolverte en tu papel, desde la gesti\u00f3n de situaciones dif\u00edciles hasta c\u00f3mo [&hellip;]<\/p>\n","protected":false},"author":2,"featured_media":0,"parent":8506,"menu_order":0,"comment_status":"closed","ping_status":"closed","template":"","meta":{"_acf_changed":false,"footnotes":""},"class_list":["post-9322","page","type-page","status-publish","hentry"],"acf":[],"yoast_head":"<!-- This site is optimized with the Yoast SEO Premium plugin v27.3 (Yoast SEO v27.3) - https:\/\/yoast.com\/product\/yoast-seo-premium-wordpress\/ -->\n<title>Preguntas frecuentes de L\u00edder de Grupo | Saprea<\/title>\n<meta name=\"description\" content=\"Nuestra secci\u00f3n de Preguntas Frecuentes para L\u00edderes de Grupo ofrece recursos pr\u00e1cticos y consejos que te ayudar\u00e1n a crear un entorno seguro y de apoyo.\" \/>\n<meta name=\"robots\" content=\"index, follow, max-snippet:-1, max-image-preview:large, max-video-preview:-1\" \/>\n<link rel=\"canonical\" href=\"https:\/\/supportgroups.saprea.org\/es\/recursos-para-lider-de-grupo\/preguntas-frecuentes-lider\/\" \/>\n<meta property=\"og:locale\" content=\"es_ES\" \/>\n<meta property=\"og:type\" content=\"article\" \/>\n<meta property=\"og:title\" content=\"Preguntas frecuentes de L\u00edder de Grupo\" \/>\n<meta property=\"og:description\" content=\"Nuestra secci\u00f3n de Preguntas Frecuentes para L\u00edderes de Grupo ofrece recursos pr\u00e1cticos y consejos que te ayudar\u00e1n a crear un entorno seguro y de apoyo.\" \/>\n<meta property=\"og:url\" content=\"https:\/\/supportgroups.saprea.org\/es\/recursos-para-lider-de-grupo\/preguntas-frecuentes-lider\/\" \/>\n<meta property=\"og:site_name\" content=\"Saprea Groups\" \/>\n<meta property=\"article:modified_time\" content=\"2023-06-12T19:43:31+00:00\" \/>\n<meta name=\"twitter:card\" content=\"summary_large_image\" \/>\n<meta name=\"twitter:label1\" content=\"Tiempo de lectura\" \/>\n\t<meta name=\"twitter:data1\" content=\"20 minutos\" \/>\n<script type=\"application\/ld+json\" class=\"yoast-schema-graph\">{\"@context\":\"https:\\\/\\\/schema.org\",\"@graph\":[{\"@type\":\"WebPage\",\"@id\":\"https:\\\/\\\/supportgroups.saprea.org\\\/es\\\/recursos-para-lider-de-grupo\\\/preguntas-frecuentes-lider\\\/\",\"url\":\"https:\\\/\\\/supportgroups.saprea.org\\\/es\\\/recursos-para-lider-de-grupo\\\/preguntas-frecuentes-lider\\\/\",\"name\":\"Preguntas frecuentes de L\u00edder de Grupo | Saprea\",\"isPartOf\":{\"@id\":\"https:\\\/\\\/supportgroups.saprea.org\\\/es\\\/#website\"},\"datePublished\":\"2023-05-22T20:35:16+00:00\",\"dateModified\":\"2023-06-12T19:43:31+00:00\",\"description\":\"Nuestra secci\u00f3n de Preguntas Frecuentes para L\u00edderes de Grupo ofrece recursos pr\u00e1cticos y consejos que te ayudar\u00e1n a crear un entorno seguro y de apoyo.\",\"breadcrumb\":{\"@id\":\"https:\\\/\\\/supportgroups.saprea.org\\\/es\\\/recursos-para-lider-de-grupo\\\/preguntas-frecuentes-lider\\\/#breadcrumb\"},\"inLanguage\":\"es\",\"potentialAction\":[{\"@type\":\"ReadAction\",\"target\":[\"https:\\\/\\\/supportgroups.saprea.org\\\/es\\\/recursos-para-lider-de-grupo\\\/preguntas-frecuentes-lider\\\/\"]}]},{\"@type\":\"BreadcrumbList\",\"@id\":\"https:\\\/\\\/supportgroups.saprea.org\\\/es\\\/recursos-para-lider-de-grupo\\\/preguntas-frecuentes-lider\\\/#breadcrumb\",\"itemListElement\":[{\"@type\":\"ListItem\",\"position\":1,\"name\":\"Home\",\"item\":\"https:\\\/\\\/supportgroups.saprea.org\\\/es\\\/grupos-de-apoyo-saprea\\\/\"},{\"@type\":\"ListItem\",\"position\":2,\"name\":\"Recursos para el L\u00edder de Grupo\",\"item\":\"https:\\\/\\\/supportgroups.saprea.org\\\/es\\\/recursos-para-lider-de-grupo\\\/\"},{\"@type\":\"ListItem\",\"position\":3,\"name\":\"Preguntas frecuentes de L\u00edder de Grupo\"}]},{\"@type\":\"WebSite\",\"@id\":\"https:\\\/\\\/supportgroups.saprea.org\\\/es\\\/#website\",\"url\":\"https:\\\/\\\/supportgroups.saprea.org\\\/es\\\/\",\"name\":\"Saprea Groups\",\"description\":\"\",\"potentialAction\":[{\"@type\":\"SearchAction\",\"target\":{\"@type\":\"EntryPoint\",\"urlTemplate\":\"https:\\\/\\\/supportgroups.saprea.org\\\/es\\\/?s={search_term_string}\"},\"query-input\":{\"@type\":\"PropertyValueSpecification\",\"valueRequired\":true,\"valueName\":\"search_term_string\"}}],\"inLanguage\":\"es\"}]}<\/script>\n<!-- \/ Yoast SEO Premium plugin. -->","yoast_head_json":{"title":"Preguntas frecuentes de L\u00edder de Grupo | Saprea","description":"Nuestra secci\u00f3n de Preguntas Frecuentes para L\u00edderes de Grupo ofrece recursos pr\u00e1cticos y consejos que te ayudar\u00e1n a crear un entorno seguro y de apoyo.","robots":{"index":"index","follow":"follow","max-snippet":"max-snippet:-1","max-image-preview":"max-image-preview:large","max-video-preview":"max-video-preview:-1"},"canonical":"https:\/\/supportgroups.saprea.org\/es\/recursos-para-lider-de-grupo\/preguntas-frecuentes-lider\/","og_locale":"es_ES","og_type":"article","og_title":"Preguntas frecuentes de L\u00edder de Grupo","og_description":"Nuestra secci\u00f3n de Preguntas Frecuentes para L\u00edderes de Grupo ofrece recursos pr\u00e1cticos y consejos que te ayudar\u00e1n a crear un entorno seguro y de apoyo.","og_url":"https:\/\/supportgroups.saprea.org\/es\/recursos-para-lider-de-grupo\/preguntas-frecuentes-lider\/","og_site_name":"Saprea Groups","article_modified_time":"2023-06-12T19:43:31+00:00","twitter_card":"summary_large_image","twitter_misc":{"Tiempo de lectura":"20 minutos"},"schema":{"@context":"https:\/\/schema.org","@graph":[{"@type":"WebPage","@id":"https:\/\/supportgroups.saprea.org\/es\/recursos-para-lider-de-grupo\/preguntas-frecuentes-lider\/","url":"https:\/\/supportgroups.saprea.org\/es\/recursos-para-lider-de-grupo\/preguntas-frecuentes-lider\/","name":"Preguntas frecuentes de L\u00edder de Grupo | Saprea","isPartOf":{"@id":"https:\/\/supportgroups.saprea.org\/es\/#website"},"datePublished":"2023-05-22T20:35:16+00:00","dateModified":"2023-06-12T19:43:31+00:00","description":"Nuestra secci\u00f3n de Preguntas Frecuentes para L\u00edderes de Grupo ofrece recursos pr\u00e1cticos y consejos que te ayudar\u00e1n a crear un entorno seguro y de apoyo.","breadcrumb":{"@id":"https:\/\/supportgroups.saprea.org\/es\/recursos-para-lider-de-grupo\/preguntas-frecuentes-lider\/#breadcrumb"},"inLanguage":"es","potentialAction":[{"@type":"ReadAction","target":["https:\/\/supportgroups.saprea.org\/es\/recursos-para-lider-de-grupo\/preguntas-frecuentes-lider\/"]}]},{"@type":"BreadcrumbList","@id":"https:\/\/supportgroups.saprea.org\/es\/recursos-para-lider-de-grupo\/preguntas-frecuentes-lider\/#breadcrumb","itemListElement":[{"@type":"ListItem","position":1,"name":"Home","item":"https:\/\/supportgroups.saprea.org\/es\/grupos-de-apoyo-saprea\/"},{"@type":"ListItem","position":2,"name":"Recursos para el L\u00edder de Grupo","item":"https:\/\/supportgroups.saprea.org\/es\/recursos-para-lider-de-grupo\/"},{"@type":"ListItem","position":3,"name":"Preguntas frecuentes de L\u00edder de Grupo"}]},{"@type":"WebSite","@id":"https:\/\/supportgroups.saprea.org\/es\/#website","url":"https:\/\/supportgroups.saprea.org\/es\/","name":"Saprea Groups","description":"","potentialAction":[{"@type":"SearchAction","target":{"@type":"EntryPoint","urlTemplate":"https:\/\/supportgroups.saprea.org\/es\/?s={search_term_string}"},"query-input":{"@type":"PropertyValueSpecification","valueRequired":true,"valueName":"search_term_string"}}],"inLanguage":"es"}]}},"_links":{"self":[{"href":"https:\/\/supportgroups.saprea.org\/es\/wp-json\/wp\/v2\/pages\/9322","targetHints":{"allow":["GET"]}}],"collection":[{"href":"https:\/\/supportgroups.saprea.org\/es\/wp-json\/wp\/v2\/pages"}],"about":[{"href":"https:\/\/supportgroups.saprea.org\/es\/wp-json\/wp\/v2\/types\/page"}],"author":[{"embeddable":true,"href":"https:\/\/supportgroups.saprea.org\/es\/wp-json\/wp\/v2\/users\/2"}],"replies":[{"embeddable":true,"href":"https:\/\/supportgroups.saprea.org\/es\/wp-json\/wp\/v2\/comments?post=9322"}],"version-history":[{"count":13,"href":"https:\/\/supportgroups.saprea.org\/es\/wp-json\/wp\/v2\/pages\/9322\/revisions"}],"predecessor-version":[{"id":10167,"href":"https:\/\/supportgroups.saprea.org\/es\/wp-json\/wp\/v2\/pages\/9322\/revisions\/10167"}],"up":[{"embeddable":true,"href":"https:\/\/supportgroups.saprea.org\/es\/wp-json\/wp\/v2\/pages\/8506"}],"wp:attachment":[{"href":"https:\/\/supportgroups.saprea.org\/es\/wp-json\/wp\/v2\/media?parent=9322"}],"curies":[{"name":"wp","href":"https:\/\/api.w.org\/{rel}","templated":true}]}}