{"id":7178,"date":"2023-02-20T20:40:46","date_gmt":"2023-02-20T20:40:46","guid":{"rendered":"https:\/\/sapreagroups.com\/sexual-abuse-support-groups-fr\/"},"modified":"2026-02-06T19:44:06","modified_gmt":"2026-02-06T19:44:06","slug":"groupes-de-soutien-saprea","status":"publish","type":"page","link":"https:\/\/supportgroups.saprea.org\/fr\/","title":{"rendered":"Groupes de soutien Saprea"},"content":{"rendered":"<div id=\"cs-content\" class=\"cs-content\"><\/div>\n","protected":false},"excerpt":{"rendered":"<p>Groupes de soutien pour survivantes d&rsquo;abus sexuelsIl y a quelque chose de puissant dans un groupe d&rsquo;individus ayant une exp\u00e9rience et une motivation communes qui se r\u00e9unissent pour construire une communaut\u00e9. De grandes choses peuvent se produire lorsque des personnes b\u00e9n\u00e9ficient de la s\u00e9curit\u00e9 que procurent la compr\u00e9hension, le soutien et le d\u00e9sir d&rsquo;\u00e9voluer. C&rsquo;est [&hellip;]<\/p>\n","protected":false},"author":9,"featured_media":0,"parent":0,"menu_order":0,"comment_status":"closed","ping_status":"closed","template":"","meta":{"_acf_changed":false,"footnotes":""},"class_list":["post-7178","page","type-page","status-publish","hentry"],"acf":[],"yoast_head":"<!-- This site is optimized with the Yoast SEO Premium plugin v27.3 (Yoast SEO v27.3) - https:\/\/yoast.com\/product\/yoast-seo-premium-wordpress\/ -->\n<title>Groupes de soutien pour survivantes d&#039;abus sexuels<\/title>\n<meta name=\"description\" content=\"Les groupes de soutien Saprea fournissent une plateforme pour survivantes d&#039;abus sexuels subis dans l&#039;enfance en pr\u00e9sentiel et en ligne.\" \/>\n<meta name=\"robots\" content=\"index, follow, max-snippet:-1, max-image-preview:large, max-video-preview:-1\" \/>\n<link rel=\"canonical\" href=\"https:\/\/supportgroups.saprea.org\/fr\/\" \/>\n<meta property=\"og:locale\" content=\"fr_FR\" \/>\n<meta property=\"og:type\" content=\"article\" \/>\n<meta property=\"og:title\" content=\"Groupes de soutien Saprea\" \/>\n<meta property=\"og:description\" content=\"Les groupes de soutien Saprea fournissent une plateforme pour survivantes d&#039;abus sexuels subis dans l&#039;enfance en pr\u00e9sentiel et en ligne.\" \/>\n<meta property=\"og:url\" content=\"https:\/\/supportgroups.saprea.org\/fr\/\" \/>\n<meta property=\"og:site_name\" content=\"Saprea Groups\" \/>\n<meta property=\"article:modified_time\" content=\"2026-02-06T19:44:06+00:00\" \/>\n<meta name=\"twitter:card\" content=\"summary_large_image\" \/>\n<meta name=\"twitter:label1\" content=\"Dur\u00e9e de lecture estim\u00e9e\" \/>\n\t<meta name=\"twitter:data1\" content=\"6 minutes\" \/>\n<script type=\"application\/ld+json\" class=\"yoast-schema-graph\">{\"@context\":\"https:\\\/\\\/schema.org\",\"@graph\":[{\"@type\":\"WebPage\",\"@id\":\"https:\\\/\\\/supportgroups.saprea.org\\\/fr\\\/\",\"url\":\"https:\\\/\\\/supportgroups.saprea.org\\\/fr\\\/\",\"name\":\"Groupes de soutien pour survivantes d'abus sexuels\",\"isPartOf\":{\"@id\":\"https:\\\/\\\/supportgroups.saprea.org\\\/fr\\\/#website\"},\"datePublished\":\"2023-02-20T20:40:46+00:00\",\"dateModified\":\"2026-02-06T19:44:06+00:00\",\"description\":\"Les groupes de soutien Saprea fournissent une plateforme pour survivantes d'abus sexuels subis dans l'enfance en pr\u00e9sentiel et en ligne.\",\"breadcrumb\":{\"@id\":\"https:\\\/\\\/supportgroups.saprea.org\\\/fr\\\/#breadcrumb\"},\"inLanguage\":\"fr-FR\",\"potentialAction\":[{\"@type\":\"ReadAction\",\"target\":[\"https:\\\/\\\/supportgroups.saprea.org\\\/fr\\\/\"]}]},{\"@type\":\"BreadcrumbList\",\"@id\":\"https:\\\/\\\/supportgroups.saprea.org\\\/fr\\\/#breadcrumb\",\"itemListElement\":[{\"@type\":\"ListItem\",\"position\":1,\"name\":\"Home\",\"item\":\"https:\\\/\\\/supportgroups.saprea.org\\\/fr\\\/groupes-de-soutien-saprea\\\/\"},{\"@type\":\"ListItem\",\"position\":2,\"name\":\"Groupes de soutien Saprea\"}]},{\"@type\":\"WebSite\",\"@id\":\"https:\\\/\\\/supportgroups.saprea.org\\\/fr\\\/#website\",\"url\":\"https:\\\/\\\/supportgroups.saprea.org\\\/fr\\\/\",\"name\":\"Saprea Groups\",\"description\":\"\",\"potentialAction\":[{\"@type\":\"SearchAction\",\"target\":{\"@type\":\"EntryPoint\",\"urlTemplate\":\"https:\\\/\\\/supportgroups.saprea.org\\\/fr\\\/?s={search_term_string}\"},\"query-input\":{\"@type\":\"PropertyValueSpecification\",\"valueRequired\":true,\"valueName\":\"search_term_string\"}}],\"inLanguage\":\"fr-FR\"}]}<\/script>\n<!-- \/ Yoast SEO Premium plugin. -->","yoast_head_json":{"title":"Groupes de soutien pour survivantes d'abus sexuels","description":"Les groupes de soutien Saprea fournissent une plateforme pour survivantes d'abus sexuels subis dans l'enfance en pr\u00e9sentiel et en ligne.","robots":{"index":"index","follow":"follow","max-snippet":"max-snippet:-1","max-image-preview":"max-image-preview:large","max-video-preview":"max-video-preview:-1"},"canonical":"https:\/\/supportgroups.saprea.org\/fr\/","og_locale":"fr_FR","og_type":"article","og_title":"Groupes de soutien Saprea","og_description":"Les groupes de soutien Saprea fournissent une plateforme pour survivantes d'abus sexuels subis dans l'enfance en pr\u00e9sentiel et en ligne.","og_url":"https:\/\/supportgroups.saprea.org\/fr\/","og_site_name":"Saprea Groups","article_modified_time":"2026-02-06T19:44:06+00:00","twitter_card":"summary_large_image","twitter_misc":{"Dur\u00e9e de lecture estim\u00e9e":"6 minutes"},"schema":{"@context":"https:\/\/schema.org","@graph":[{"@type":"WebPage","@id":"https:\/\/supportgroups.saprea.org\/fr\/","url":"https:\/\/supportgroups.saprea.org\/fr\/","name":"Groupes de soutien pour survivantes d'abus sexuels","isPartOf":{"@id":"https:\/\/supportgroups.saprea.org\/fr\/#website"},"datePublished":"2023-02-20T20:40:46+00:00","dateModified":"2026-02-06T19:44:06+00:00","description":"Les groupes de soutien Saprea fournissent une plateforme pour survivantes d'abus sexuels subis dans l'enfance en pr\u00e9sentiel et en ligne.","breadcrumb":{"@id":"https:\/\/supportgroups.saprea.org\/fr\/#breadcrumb"},"inLanguage":"fr-FR","potentialAction":[{"@type":"ReadAction","target":["https:\/\/supportgroups.saprea.org\/fr\/"]}]},{"@type":"BreadcrumbList","@id":"https:\/\/supportgroups.saprea.org\/fr\/#breadcrumb","itemListElement":[{"@type":"ListItem","position":1,"name":"Home","item":"https:\/\/supportgroups.saprea.org\/fr\/groupes-de-soutien-saprea\/"},{"@type":"ListItem","position":2,"name":"Groupes de soutien Saprea"}]},{"@type":"WebSite","@id":"https:\/\/supportgroups.saprea.org\/fr\/#website","url":"https:\/\/supportgroups.saprea.org\/fr\/","name":"Saprea Groups","description":"","potentialAction":[{"@type":"SearchAction","target":{"@type":"EntryPoint","urlTemplate":"https:\/\/supportgroups.saprea.org\/fr\/?s={search_term_string}"},"query-input":{"@type":"PropertyValueSpecification","valueRequired":true,"valueName":"search_term_string"}}],"inLanguage":"fr-FR"}]}},"_links":{"self":[{"href":"https:\/\/supportgroups.saprea.org\/fr\/wp-json\/wp\/v2\/pages\/7178","targetHints":{"allow":["GET"]}}],"collection":[{"href":"https:\/\/supportgroups.saprea.org\/fr\/wp-json\/wp\/v2\/pages"}],"about":[{"href":"https:\/\/supportgroups.saprea.org\/fr\/wp-json\/wp\/v2\/types\/page"}],"author":[{"embeddable":true,"href":"https:\/\/supportgroups.saprea.org\/fr\/wp-json\/wp\/v2\/users\/9"}],"replies":[{"embeddable":true,"href":"https:\/\/supportgroups.saprea.org\/fr\/wp-json\/wp\/v2\/comments?post=7178"}],"version-history":[{"count":34,"href":"https:\/\/supportgroups.saprea.org\/fr\/wp-json\/wp\/v2\/pages\/7178\/revisions"}],"predecessor-version":[{"id":11113,"href":"https:\/\/supportgroups.saprea.org\/fr\/wp-json\/wp\/v2\/pages\/7178\/revisions\/11113"}],"wp:attachment":[{"href":"https:\/\/supportgroups.saprea.org\/fr\/wp-json\/wp\/v2\/media?parent=7178"}],"curies":[{"name":"wp","href":"https:\/\/api.w.org\/{rel}","templated":true}]}}