{"id":8767,"date":"2023-05-19T18:45:14","date_gmt":"2023-05-19T18:45:14","guid":{"rendered":"https:\/\/sapreagroups.com\/start-a-group-french\/"},"modified":"2023-09-12T21:00:52","modified_gmt":"2023-09-12T21:00:52","slug":"demarrer-un-groupe","status":"publish","type":"page","link":"https:\/\/supportgroups.saprea.org\/fr\/demarrer-un-groupe\/","title":{"rendered":"D\u00e9marrer un groupe"},"content":{"rendered":"<div id=\"cs-content\" class=\"cs-content\"><\/div>\n","protected":false},"excerpt":{"rendered":"<p>D\u00e9marrer un groupeLes groupes de soutien Saprea sont dirig\u00e9s par des survivantes, pour des survivantes d&rsquo;abus sexuels subis dans l&rsquo;enfance. Cela signifie que si vous \u00eates une femme adulte (18 ans ou plus) survivante d&rsquo;abus sexuels, vous avez la possibilit\u00e9 de cr\u00e9er votre propre groupe, en personne ou en ligne. En apportant des ressources de [&hellip;]<\/p>\n","protected":false},"author":2,"featured_media":0,"parent":0,"menu_order":0,"comment_status":"closed","ping_status":"closed","template":"","meta":{"_acf_changed":false,"footnotes":""},"class_list":["post-8767","page","type-page","status-publish","hentry"],"acf":[],"yoast_head":"<!-- This site is optimized with the Yoast SEO Premium plugin v27.4 (Yoast SEO v27.4) - https:\/\/yoast.com\/product\/yoast-seo-premium-wordpress\/ -->\n<title>D\u00e9marrer un groupe | Groupes de soutien Saprea<\/title>\n<meta name=\"description\" content=\"Comment d\u00e9marrer un groupe de soutien pour survivantes d&#039;abus sexuels ? Offrez des ressources de gu\u00e9rison \u00e0 votre communaut\u00e9.\" \/>\n<meta name=\"robots\" content=\"index, follow, max-snippet:-1, max-image-preview:large, max-video-preview:-1\" \/>\n<link rel=\"canonical\" href=\"https:\/\/supportgroups.saprea.org\/fr\/demarrer-un-groupe\/\" \/>\n<meta property=\"og:locale\" content=\"fr_FR\" \/>\n<meta property=\"og:type\" content=\"article\" \/>\n<meta property=\"og:title\" content=\"D\u00e9marrer un groupe\" \/>\n<meta property=\"og:description\" content=\"Comment d\u00e9marrer un groupe de soutien pour survivantes d&#039;abus sexuels ? Offrez des ressources de gu\u00e9rison \u00e0 votre communaut\u00e9.\" \/>\n<meta property=\"og:url\" content=\"https:\/\/supportgroups.saprea.org\/fr\/demarrer-un-groupe\/\" \/>\n<meta property=\"og:site_name\" content=\"Saprea Groups\" \/>\n<meta property=\"article:modified_time\" content=\"2023-09-12T21:00:52+00:00\" \/>\n<meta name=\"twitter:card\" content=\"summary_large_image\" \/>\n<meta name=\"twitter:label1\" content=\"Dur\u00e9e de lecture estim\u00e9e\" \/>\n\t<meta name=\"twitter:data1\" content=\"4 minutes\" \/>\n<script type=\"application\/ld+json\" class=\"yoast-schema-graph\">{\"@context\":\"https:\\\/\\\/schema.org\",\"@graph\":[{\"@type\":\"WebPage\",\"@id\":\"https:\\\/\\\/supportgroups.saprea.org\\\/fr\\\/demarrer-un-groupe\\\/\",\"url\":\"https:\\\/\\\/supportgroups.saprea.org\\\/fr\\\/demarrer-un-groupe\\\/\",\"name\":\"D\u00e9marrer un groupe | Groupes de soutien Saprea\",\"isPartOf\":{\"@id\":\"https:\\\/\\\/supportgroups.saprea.org\\\/fr\\\/#website\"},\"datePublished\":\"2023-05-19T18:45:14+00:00\",\"dateModified\":\"2023-09-12T21:00:52+00:00\",\"description\":\"Comment d\u00e9marrer un groupe de soutien pour survivantes d'abus sexuels ? Offrez des ressources de gu\u00e9rison \u00e0 votre communaut\u00e9.\",\"breadcrumb\":{\"@id\":\"https:\\\/\\\/supportgroups.saprea.org\\\/fr\\\/demarrer-un-groupe\\\/#breadcrumb\"},\"inLanguage\":\"fr-FR\",\"potentialAction\":[{\"@type\":\"ReadAction\",\"target\":[\"https:\\\/\\\/supportgroups.saprea.org\\\/fr\\\/demarrer-un-groupe\\\/\"]}]},{\"@type\":\"BreadcrumbList\",\"@id\":\"https:\\\/\\\/supportgroups.saprea.org\\\/fr\\\/demarrer-un-groupe\\\/#breadcrumb\",\"itemListElement\":[{\"@type\":\"ListItem\",\"position\":1,\"name\":\"Home\",\"item\":\"https:\\\/\\\/supportgroups.saprea.org\\\/fr\\\/groupes-de-soutien-saprea\\\/\"},{\"@type\":\"ListItem\",\"position\":2,\"name\":\"D\u00e9marrer un groupe\"}]},{\"@type\":\"WebSite\",\"@id\":\"https:\\\/\\\/supportgroups.saprea.org\\\/fr\\\/#website\",\"url\":\"https:\\\/\\\/supportgroups.saprea.org\\\/fr\\\/\",\"name\":\"Saprea Groups\",\"description\":\"\",\"potentialAction\":[{\"@type\":\"SearchAction\",\"target\":{\"@type\":\"EntryPoint\",\"urlTemplate\":\"https:\\\/\\\/supportgroups.saprea.org\\\/fr\\\/?s={search_term_string}\"},\"query-input\":{\"@type\":\"PropertyValueSpecification\",\"valueRequired\":true,\"valueName\":\"search_term_string\"}}],\"inLanguage\":\"fr-FR\"}]}<\/script>\n<!-- \/ Yoast SEO Premium plugin. -->","yoast_head_json":{"title":"D\u00e9marrer un groupe | Groupes de soutien Saprea","description":"Comment d\u00e9marrer un groupe de soutien pour survivantes d'abus sexuels ? Offrez des ressources de gu\u00e9rison \u00e0 votre communaut\u00e9.","robots":{"index":"index","follow":"follow","max-snippet":"max-snippet:-1","max-image-preview":"max-image-preview:large","max-video-preview":"max-video-preview:-1"},"canonical":"https:\/\/supportgroups.saprea.org\/fr\/demarrer-un-groupe\/","og_locale":"fr_FR","og_type":"article","og_title":"D\u00e9marrer un groupe","og_description":"Comment d\u00e9marrer un groupe de soutien pour survivantes d'abus sexuels ? Offrez des ressources de gu\u00e9rison \u00e0 votre communaut\u00e9.","og_url":"https:\/\/supportgroups.saprea.org\/fr\/demarrer-un-groupe\/","og_site_name":"Saprea Groups","article_modified_time":"2023-09-12T21:00:52+00:00","twitter_card":"summary_large_image","twitter_misc":{"Dur\u00e9e de lecture estim\u00e9e":"4 minutes"},"schema":{"@context":"https:\/\/schema.org","@graph":[{"@type":"WebPage","@id":"https:\/\/supportgroups.saprea.org\/fr\/demarrer-un-groupe\/","url":"https:\/\/supportgroups.saprea.org\/fr\/demarrer-un-groupe\/","name":"D\u00e9marrer un groupe | Groupes de soutien Saprea","isPartOf":{"@id":"https:\/\/supportgroups.saprea.org\/fr\/#website"},"datePublished":"2023-05-19T18:45:14+00:00","dateModified":"2023-09-12T21:00:52+00:00","description":"Comment d\u00e9marrer un groupe de soutien pour survivantes d'abus sexuels ? Offrez des ressources de gu\u00e9rison \u00e0 votre communaut\u00e9.","breadcrumb":{"@id":"https:\/\/supportgroups.saprea.org\/fr\/demarrer-un-groupe\/#breadcrumb"},"inLanguage":"fr-FR","potentialAction":[{"@type":"ReadAction","target":["https:\/\/supportgroups.saprea.org\/fr\/demarrer-un-groupe\/"]}]},{"@type":"BreadcrumbList","@id":"https:\/\/supportgroups.saprea.org\/fr\/demarrer-un-groupe\/#breadcrumb","itemListElement":[{"@type":"ListItem","position":1,"name":"Home","item":"https:\/\/supportgroups.saprea.org\/fr\/groupes-de-soutien-saprea\/"},{"@type":"ListItem","position":2,"name":"D\u00e9marrer un groupe"}]},{"@type":"WebSite","@id":"https:\/\/supportgroups.saprea.org\/fr\/#website","url":"https:\/\/supportgroups.saprea.org\/fr\/","name":"Saprea Groups","description":"","potentialAction":[{"@type":"SearchAction","target":{"@type":"EntryPoint","urlTemplate":"https:\/\/supportgroups.saprea.org\/fr\/?s={search_term_string}"},"query-input":{"@type":"PropertyValueSpecification","valueRequired":true,"valueName":"search_term_string"}}],"inLanguage":"fr-FR"}]}},"_links":{"self":[{"href":"https:\/\/supportgroups.saprea.org\/fr\/wp-json\/wp\/v2\/pages\/8767","targetHints":{"allow":["GET"]}}],"collection":[{"href":"https:\/\/supportgroups.saprea.org\/fr\/wp-json\/wp\/v2\/pages"}],"about":[{"href":"https:\/\/supportgroups.saprea.org\/fr\/wp-json\/wp\/v2\/types\/page"}],"author":[{"embeddable":true,"href":"https:\/\/supportgroups.saprea.org\/fr\/wp-json\/wp\/v2\/users\/2"}],"replies":[{"embeddable":true,"href":"https:\/\/supportgroups.saprea.org\/fr\/wp-json\/wp\/v2\/comments?post=8767"}],"version-history":[{"count":16,"href":"https:\/\/supportgroups.saprea.org\/fr\/wp-json\/wp\/v2\/pages\/8767\/revisions"}],"predecessor-version":[{"id":10578,"href":"https:\/\/supportgroups.saprea.org\/fr\/wp-json\/wp\/v2\/pages\/8767\/revisions\/10578"}],"wp:attachment":[{"href":"https:\/\/supportgroups.saprea.org\/fr\/wp-json\/wp\/v2\/media?parent=8767"}],"curies":[{"name":"wp","href":"https:\/\/api.w.org\/{rel}","templated":true}]}}