{"id":9159,"date":"2023-05-19T18:52:45","date_gmt":"2023-05-19T18:52:45","guid":{"rendered":"https:\/\/sapreagroups.com\/group-leaders-resources-french\/"},"modified":"2023-06-12T17:00:19","modified_gmt":"2023-06-12T17:00:19","slug":"ressources-animatrice-de-groupe","status":"publish","type":"page","link":"https:\/\/supportgroups.saprea.org\/fr\/ressources-animatrice-de-groupe\/","title":{"rendered":"Ressources pour animatrice de groupe"},"content":{"rendered":"<div id=\"cs-content\" class=\"cs-content\"><\/div>\n","protected":false},"excerpt":{"rendered":"<p>Ressources pour les animatrices de groupesVous trouverez ci-dessous les supports dont vous aurez besoin avant d&rsquo;animer une r\u00e9union de groupe. \u2726Fiche de r\u00e9f\u00e9rence des ressources Cette fiche vous aide \u00e0 \u00eatre pr\u00eate \u00e0 offrir des ressources au cours de la r\u00e9union du groupe si besoin est. Imprimez et remplissez cette fiche avant d&rsquo;animer votre premier [&hellip;]<\/p>\n","protected":false},"author":2,"featured_media":0,"parent":0,"menu_order":0,"comment_status":"closed","ping_status":"closed","template":"","meta":{"_acf_changed":false,"footnotes":""},"class_list":["post-9159","page","type-page","status-publish","hentry"],"acf":[],"yoast_head":"<!-- This site is optimized with the Yoast SEO Premium plugin v27.3 (Yoast SEO v27.3) - https:\/\/yoast.com\/product\/yoast-seo-premium-wordpress\/ -->\n<title>Ressources pour animatrice de groupe | Saprea<\/title>\n<meta name=\"description\" content=\"\u00a0Les animatrices de groupes de soutien peuvent acc\u00e9der aux ressources \u00e0 consulter avant d&#039;animer une r\u00e9union de groupe.\" \/>\n<meta name=\"robots\" content=\"index, follow, max-snippet:-1, max-image-preview:large, max-video-preview:-1\" \/>\n<link rel=\"canonical\" href=\"https:\/\/supportgroups.saprea.org\/fr\/ressources-animatrice-de-groupe\/\" \/>\n<meta property=\"og:locale\" content=\"fr_FR\" \/>\n<meta property=\"og:type\" content=\"article\" \/>\n<meta property=\"og:title\" content=\"Ressources pour animatrice de groupe\" \/>\n<meta property=\"og:description\" content=\"\u00a0Les animatrices de groupes de soutien peuvent acc\u00e9der aux ressources \u00e0 consulter avant d&#039;animer une r\u00e9union de groupe.\" \/>\n<meta property=\"og:url\" content=\"https:\/\/supportgroups.saprea.org\/fr\/ressources-animatrice-de-groupe\/\" \/>\n<meta property=\"og:site_name\" content=\"Saprea Groups\" \/>\n<meta property=\"article:modified_time\" content=\"2023-06-12T17:00:19+00:00\" \/>\n<meta name=\"twitter:card\" content=\"summary_large_image\" \/>\n<meta name=\"twitter:label1\" content=\"Dur\u00e9e de lecture estim\u00e9e\" \/>\n\t<meta name=\"twitter:data1\" content=\"2 minutes\" \/>\n<script type=\"application\/ld+json\" class=\"yoast-schema-graph\">{\"@context\":\"https:\\\/\\\/schema.org\",\"@graph\":[{\"@type\":\"WebPage\",\"@id\":\"https:\\\/\\\/supportgroups.saprea.org\\\/fr\\\/ressources-animatrice-de-groupe\\\/\",\"url\":\"https:\\\/\\\/supportgroups.saprea.org\\\/fr\\\/ressources-animatrice-de-groupe\\\/\",\"name\":\"Ressources pour animatrice de groupe | Saprea\",\"isPartOf\":{\"@id\":\"https:\\\/\\\/supportgroups.saprea.org\\\/fr\\\/#website\"},\"datePublished\":\"2023-05-19T18:52:45+00:00\",\"dateModified\":\"2023-06-12T17:00:19+00:00\",\"description\":\"\u00a0Les animatrices de groupes de soutien peuvent acc\u00e9der aux ressources \u00e0 consulter avant d'animer une r\u00e9union de groupe.\",\"breadcrumb\":{\"@id\":\"https:\\\/\\\/supportgroups.saprea.org\\\/fr\\\/ressources-animatrice-de-groupe\\\/#breadcrumb\"},\"inLanguage\":\"fr-FR\",\"potentialAction\":[{\"@type\":\"ReadAction\",\"target\":[\"https:\\\/\\\/supportgroups.saprea.org\\\/fr\\\/ressources-animatrice-de-groupe\\\/\"]}]},{\"@type\":\"BreadcrumbList\",\"@id\":\"https:\\\/\\\/supportgroups.saprea.org\\\/fr\\\/ressources-animatrice-de-groupe\\\/#breadcrumb\",\"itemListElement\":[{\"@type\":\"ListItem\",\"position\":1,\"name\":\"Home\",\"item\":\"https:\\\/\\\/supportgroups.saprea.org\\\/fr\\\/groupes-de-soutien-saprea\\\/\"},{\"@type\":\"ListItem\",\"position\":2,\"name\":\"Ressources pour animatrice de groupe\"}]},{\"@type\":\"WebSite\",\"@id\":\"https:\\\/\\\/supportgroups.saprea.org\\\/fr\\\/#website\",\"url\":\"https:\\\/\\\/supportgroups.saprea.org\\\/fr\\\/\",\"name\":\"Saprea Groups\",\"description\":\"\",\"potentialAction\":[{\"@type\":\"SearchAction\",\"target\":{\"@type\":\"EntryPoint\",\"urlTemplate\":\"https:\\\/\\\/supportgroups.saprea.org\\\/fr\\\/?s={search_term_string}\"},\"query-input\":{\"@type\":\"PropertyValueSpecification\",\"valueRequired\":true,\"valueName\":\"search_term_string\"}}],\"inLanguage\":\"fr-FR\"}]}<\/script>\n<!-- \/ Yoast SEO Premium plugin. -->","yoast_head_json":{"title":"Ressources pour animatrice de groupe | Saprea","description":"\u00a0Les animatrices de groupes de soutien peuvent acc\u00e9der aux ressources \u00e0 consulter avant d'animer une r\u00e9union de groupe.","robots":{"index":"index","follow":"follow","max-snippet":"max-snippet:-1","max-image-preview":"max-image-preview:large","max-video-preview":"max-video-preview:-1"},"canonical":"https:\/\/supportgroups.saprea.org\/fr\/ressources-animatrice-de-groupe\/","og_locale":"fr_FR","og_type":"article","og_title":"Ressources pour animatrice de groupe","og_description":"\u00a0Les animatrices de groupes de soutien peuvent acc\u00e9der aux ressources \u00e0 consulter avant d'animer une r\u00e9union de groupe.","og_url":"https:\/\/supportgroups.saprea.org\/fr\/ressources-animatrice-de-groupe\/","og_site_name":"Saprea Groups","article_modified_time":"2023-06-12T17:00:19+00:00","twitter_card":"summary_large_image","twitter_misc":{"Dur\u00e9e de lecture estim\u00e9e":"2 minutes"},"schema":{"@context":"https:\/\/schema.org","@graph":[{"@type":"WebPage","@id":"https:\/\/supportgroups.saprea.org\/fr\/ressources-animatrice-de-groupe\/","url":"https:\/\/supportgroups.saprea.org\/fr\/ressources-animatrice-de-groupe\/","name":"Ressources pour animatrice de groupe | Saprea","isPartOf":{"@id":"https:\/\/supportgroups.saprea.org\/fr\/#website"},"datePublished":"2023-05-19T18:52:45+00:00","dateModified":"2023-06-12T17:00:19+00:00","description":"\u00a0Les animatrices de groupes de soutien peuvent acc\u00e9der aux ressources \u00e0 consulter avant d'animer une r\u00e9union de groupe.","breadcrumb":{"@id":"https:\/\/supportgroups.saprea.org\/fr\/ressources-animatrice-de-groupe\/#breadcrumb"},"inLanguage":"fr-FR","potentialAction":[{"@type":"ReadAction","target":["https:\/\/supportgroups.saprea.org\/fr\/ressources-animatrice-de-groupe\/"]}]},{"@type":"BreadcrumbList","@id":"https:\/\/supportgroups.saprea.org\/fr\/ressources-animatrice-de-groupe\/#breadcrumb","itemListElement":[{"@type":"ListItem","position":1,"name":"Home","item":"https:\/\/supportgroups.saprea.org\/fr\/groupes-de-soutien-saprea\/"},{"@type":"ListItem","position":2,"name":"Ressources pour animatrice de groupe"}]},{"@type":"WebSite","@id":"https:\/\/supportgroups.saprea.org\/fr\/#website","url":"https:\/\/supportgroups.saprea.org\/fr\/","name":"Saprea Groups","description":"","potentialAction":[{"@type":"SearchAction","target":{"@type":"EntryPoint","urlTemplate":"https:\/\/supportgroups.saprea.org\/fr\/?s={search_term_string}"},"query-input":{"@type":"PropertyValueSpecification","valueRequired":true,"valueName":"search_term_string"}}],"inLanguage":"fr-FR"}]}},"_links":{"self":[{"href":"https:\/\/supportgroups.saprea.org\/fr\/wp-json\/wp\/v2\/pages\/9159","targetHints":{"allow":["GET"]}}],"collection":[{"href":"https:\/\/supportgroups.saprea.org\/fr\/wp-json\/wp\/v2\/pages"}],"about":[{"href":"https:\/\/supportgroups.saprea.org\/fr\/wp-json\/wp\/v2\/types\/page"}],"author":[{"embeddable":true,"href":"https:\/\/supportgroups.saprea.org\/fr\/wp-json\/wp\/v2\/users\/2"}],"replies":[{"embeddable":true,"href":"https:\/\/supportgroups.saprea.org\/fr\/wp-json\/wp\/v2\/comments?post=9159"}],"version-history":[{"count":8,"href":"https:\/\/supportgroups.saprea.org\/fr\/wp-json\/wp\/v2\/pages\/9159\/revisions"}],"predecessor-version":[{"id":10137,"href":"https:\/\/supportgroups.saprea.org\/fr\/wp-json\/wp\/v2\/pages\/9159\/revisions\/10137"}],"wp:attachment":[{"href":"https:\/\/supportgroups.saprea.org\/fr\/wp-json\/wp\/v2\/media?parent=9159"}],"curies":[{"name":"wp","href":"https:\/\/api.w.org\/{rel}","templated":true}]}}