{"id":9269,"date":"2023-05-08T21:36:44","date_gmt":"2023-05-08T21:36:44","guid":{"rendered":"https:\/\/supportgroups.saprea.org\/group-materials-french\/"},"modified":"2023-06-20T21:21:52","modified_gmt":"2023-06-20T21:21:52","slug":"ressources-groupe","status":"publish","type":"page","link":"https:\/\/supportgroups.saprea.org\/fr\/ressources-groupe\/","title":{"rendered":"Ressources du groupe"},"content":{"rendered":"<div id=\"cs-content\" class=\"cs-content\"><\/div>\n","protected":false},"excerpt":{"rendered":"<p>Ressources du groupeVous trouverez dans ces documents une s&eacute;rie d&rsquo;activit&eacute;s et de ressources visant &agrave; promouvoir un environnement s&ucirc;r et propice &agrave; la gu&eacute;rison, dans lequel les survivantes d&rsquo;abus sexuels subis dans l&rsquo;enfance peuvent apprendre ensemble, se soutenir les unes les autres et s&rsquo;&eacute;panouir. Vous &ecirc;tes animatrice de groupe ? Pour faciliter votre exp&eacute;rience, vous [&hellip;]<\/p>\n","protected":false},"author":2,"featured_media":0,"parent":0,"menu_order":0,"comment_status":"closed","ping_status":"closed","template":"","meta":{"_acf_changed":false,"footnotes":""},"class_list":["post-9269","page","type-page","status-publish","hentry"],"acf":[],"yoast_head":"<!-- This site is optimized with the Yoast SEO Premium plugin v27.3 (Yoast SEO v27.3) - https:\/\/yoast.com\/product\/yoast-seo-premium-wordpress\/ -->\n<title>Ressources du groupe | Groupes de soutien Saprea<\/title>\n<meta name=\"description\" content=\"Le mat\u00e9riel pour les groupes de soutien aux survivantes d&#039;abus sexuels Saprea contient des activit\u00e9s et des ressources pour 27 r\u00e9unions.\" \/>\n<meta name=\"robots\" content=\"index, follow, max-snippet:-1, max-image-preview:large, max-video-preview:-1\" \/>\n<link rel=\"canonical\" href=\"https:\/\/supportgroups.saprea.org\/fr\/ressources-groupe\/\" \/>\n<meta property=\"og:locale\" content=\"fr_FR\" \/>\n<meta property=\"og:type\" content=\"article\" \/>\n<meta property=\"og:title\" content=\"Ressources du groupe\" \/>\n<meta property=\"og:description\" content=\"Le mat\u00e9riel pour les groupes de soutien aux survivantes d&#039;abus sexuels Saprea contient des activit\u00e9s et des ressources pour 27 r\u00e9unions.\" \/>\n<meta property=\"og:url\" content=\"https:\/\/supportgroups.saprea.org\/fr\/ressources-groupe\/\" \/>\n<meta property=\"og:site_name\" content=\"Saprea Groups\" \/>\n<meta property=\"article:modified_time\" content=\"2023-06-20T21:21:52+00:00\" \/>\n<meta name=\"twitter:card\" content=\"summary_large_image\" \/>\n<meta name=\"twitter:label1\" content=\"Dur\u00e9e de lecture estim\u00e9e\" \/>\n\t<meta name=\"twitter:data1\" content=\"2 minutes\" \/>\n<script type=\"application\/ld+json\" class=\"yoast-schema-graph\">{\"@context\":\"https:\\\/\\\/schema.org\",\"@graph\":[{\"@type\":\"WebPage\",\"@id\":\"https:\\\/\\\/supportgroups.saprea.org\\\/fr\\\/ressources-groupe\\\/\",\"url\":\"https:\\\/\\\/supportgroups.saprea.org\\\/fr\\\/ressources-groupe\\\/\",\"name\":\"Ressources du groupe | Groupes de soutien Saprea\",\"isPartOf\":{\"@id\":\"https:\\\/\\\/supportgroups.saprea.org\\\/fr\\\/#website\"},\"datePublished\":\"2023-05-08T21:36:44+00:00\",\"dateModified\":\"2023-06-20T21:21:52+00:00\",\"description\":\"Le mat\u00e9riel pour les groupes de soutien aux survivantes d'abus sexuels Saprea contient des activit\u00e9s et des ressources pour 27 r\u00e9unions.\",\"breadcrumb\":{\"@id\":\"https:\\\/\\\/supportgroups.saprea.org\\\/fr\\\/ressources-groupe\\\/#breadcrumb\"},\"inLanguage\":\"fr-FR\",\"potentialAction\":[{\"@type\":\"ReadAction\",\"target\":[\"https:\\\/\\\/supportgroups.saprea.org\\\/fr\\\/ressources-groupe\\\/\"]}]},{\"@type\":\"BreadcrumbList\",\"@id\":\"https:\\\/\\\/supportgroups.saprea.org\\\/fr\\\/ressources-groupe\\\/#breadcrumb\",\"itemListElement\":[{\"@type\":\"ListItem\",\"position\":1,\"name\":\"Home\",\"item\":\"https:\\\/\\\/supportgroups.saprea.org\\\/fr\\\/groupes-de-soutien-saprea\\\/\"},{\"@type\":\"ListItem\",\"position\":2,\"name\":\"Ressources du groupe\"}]},{\"@type\":\"WebSite\",\"@id\":\"https:\\\/\\\/supportgroups.saprea.org\\\/fr\\\/#website\",\"url\":\"https:\\\/\\\/supportgroups.saprea.org\\\/fr\\\/\",\"name\":\"Saprea Groups\",\"description\":\"\",\"potentialAction\":[{\"@type\":\"SearchAction\",\"target\":{\"@type\":\"EntryPoint\",\"urlTemplate\":\"https:\\\/\\\/supportgroups.saprea.org\\\/fr\\\/?s={search_term_string}\"},\"query-input\":{\"@type\":\"PropertyValueSpecification\",\"valueRequired\":true,\"valueName\":\"search_term_string\"}}],\"inLanguage\":\"fr-FR\"}]}<\/script>\n<!-- \/ Yoast SEO Premium plugin. -->","yoast_head_json":{"title":"Ressources du groupe | Groupes de soutien Saprea","description":"Le mat\u00e9riel pour les groupes de soutien aux survivantes d'abus sexuels Saprea contient des activit\u00e9s et des ressources pour 27 r\u00e9unions.","robots":{"index":"index","follow":"follow","max-snippet":"max-snippet:-1","max-image-preview":"max-image-preview:large","max-video-preview":"max-video-preview:-1"},"canonical":"https:\/\/supportgroups.saprea.org\/fr\/ressources-groupe\/","og_locale":"fr_FR","og_type":"article","og_title":"Ressources du groupe","og_description":"Le mat\u00e9riel pour les groupes de soutien aux survivantes d'abus sexuels Saprea contient des activit\u00e9s et des ressources pour 27 r\u00e9unions.","og_url":"https:\/\/supportgroups.saprea.org\/fr\/ressources-groupe\/","og_site_name":"Saprea Groups","article_modified_time":"2023-06-20T21:21:52+00:00","twitter_card":"summary_large_image","twitter_misc":{"Dur\u00e9e de lecture estim\u00e9e":"2 minutes"},"schema":{"@context":"https:\/\/schema.org","@graph":[{"@type":"WebPage","@id":"https:\/\/supportgroups.saprea.org\/fr\/ressources-groupe\/","url":"https:\/\/supportgroups.saprea.org\/fr\/ressources-groupe\/","name":"Ressources du groupe | Groupes de soutien Saprea","isPartOf":{"@id":"https:\/\/supportgroups.saprea.org\/fr\/#website"},"datePublished":"2023-05-08T21:36:44+00:00","dateModified":"2023-06-20T21:21:52+00:00","description":"Le mat\u00e9riel pour les groupes de soutien aux survivantes d'abus sexuels Saprea contient des activit\u00e9s et des ressources pour 27 r\u00e9unions.","breadcrumb":{"@id":"https:\/\/supportgroups.saprea.org\/fr\/ressources-groupe\/#breadcrumb"},"inLanguage":"fr-FR","potentialAction":[{"@type":"ReadAction","target":["https:\/\/supportgroups.saprea.org\/fr\/ressources-groupe\/"]}]},{"@type":"BreadcrumbList","@id":"https:\/\/supportgroups.saprea.org\/fr\/ressources-groupe\/#breadcrumb","itemListElement":[{"@type":"ListItem","position":1,"name":"Home","item":"https:\/\/supportgroups.saprea.org\/fr\/groupes-de-soutien-saprea\/"},{"@type":"ListItem","position":2,"name":"Ressources du groupe"}]},{"@type":"WebSite","@id":"https:\/\/supportgroups.saprea.org\/fr\/#website","url":"https:\/\/supportgroups.saprea.org\/fr\/","name":"Saprea Groups","description":"","potentialAction":[{"@type":"SearchAction","target":{"@type":"EntryPoint","urlTemplate":"https:\/\/supportgroups.saprea.org\/fr\/?s={search_term_string}"},"query-input":{"@type":"PropertyValueSpecification","valueRequired":true,"valueName":"search_term_string"}}],"inLanguage":"fr-FR"}]}},"_links":{"self":[{"href":"https:\/\/supportgroups.saprea.org\/fr\/wp-json\/wp\/v2\/pages\/9269","targetHints":{"allow":["GET"]}}],"collection":[{"href":"https:\/\/supportgroups.saprea.org\/fr\/wp-json\/wp\/v2\/pages"}],"about":[{"href":"https:\/\/supportgroups.saprea.org\/fr\/wp-json\/wp\/v2\/types\/page"}],"author":[{"embeddable":true,"href":"https:\/\/supportgroups.saprea.org\/fr\/wp-json\/wp\/v2\/users\/2"}],"replies":[{"embeddable":true,"href":"https:\/\/supportgroups.saprea.org\/fr\/wp-json\/wp\/v2\/comments?post=9269"}],"version-history":[{"count":12,"href":"https:\/\/supportgroups.saprea.org\/fr\/wp-json\/wp\/v2\/pages\/9269\/revisions"}],"predecessor-version":[{"id":10381,"href":"https:\/\/supportgroups.saprea.org\/fr\/wp-json\/wp\/v2\/pages\/9269\/revisions\/10381"}],"wp:attachment":[{"href":"https:\/\/supportgroups.saprea.org\/fr\/wp-json\/wp\/v2\/media?parent=9269"}],"curies":[{"name":"wp","href":"https:\/\/api.w.org\/{rel}","templated":true}]}}