{"id":9319,"date":"2023-05-22T20:35:16","date_gmt":"2023-05-22T20:35:16","guid":{"rendered":"https:\/\/supportgroups.saprea.org\/frequently-asked-questions-for-group-leaders-french\/"},"modified":"2023-06-05T20:40:26","modified_gmt":"2023-06-05T20:40:26","slug":"faq-animatrice-de-groupe","status":"publish","type":"page","link":"https:\/\/supportgroups.saprea.org\/fr\/ressources-animatrice-de-groupe\/faq-animatrice-de-groupe\/","title":{"rendered":"\u00a0Foire aux questions pour animatrice de groupe"},"content":{"rendered":"<div id=\"cs-content\" class=\"cs-content\"><\/div>\n","protected":false},"excerpt":{"rendered":"<p>Foire aux questions pour animatrice de groupe\u2726Si vous souhaitez animer un groupe de soutien pour survivantes d&rsquo;abus sexuels sur mineurs, cette section propose des ressources pratiques et des conseils pour vous aider \u00e0 cr\u00e9er un environnement s\u00fbr et favorable. Nous pouvons vous aider dans la gestion de votre r\u00f4le, de la gestion de situations difficiles [&hellip;]<\/p>\n","protected":false},"author":2,"featured_media":0,"parent":9159,"menu_order":0,"comment_status":"closed","ping_status":"closed","template":"","meta":{"_acf_changed":false,"footnotes":""},"class_list":["post-9319","page","type-page","status-publish","hentry"],"acf":[],"yoast_head":"<!-- This site is optimized with the Yoast SEO Premium plugin v27.3 (Yoast SEO v27.3) - https:\/\/yoast.com\/product\/yoast-seo-premium-wordpress\/ -->\n<title>\u00a0Foire aux questions pour animatrice de groupe<\/title>\n<meta name=\"description\" content=\"\u00a0Notre section FAQ pour les animatrices de groupes propose des ressources pratiques et des conseils pour vous aider \u00e0 cr\u00e9er un environnement s\u00fbr et favorable.\" \/>\n<meta name=\"robots\" content=\"index, follow, max-snippet:-1, max-image-preview:large, max-video-preview:-1\" \/>\n<link rel=\"canonical\" href=\"https:\/\/supportgroups.saprea.org\/fr\/ressources-animatrice-de-groupe\/faq-animatrice-de-groupe\/\" \/>\n<meta property=\"og:locale\" content=\"fr_FR\" \/>\n<meta property=\"og:type\" content=\"article\" \/>\n<meta property=\"og:title\" content=\"\u00a0Foire aux questions pour animatrice de groupe\" \/>\n<meta property=\"og:description\" content=\"\u00a0Notre section FAQ pour les animatrices de groupes propose des ressources pratiques et des conseils pour vous aider \u00e0 cr\u00e9er un environnement s\u00fbr et favorable.\" \/>\n<meta property=\"og:url\" content=\"https:\/\/supportgroups.saprea.org\/fr\/ressources-animatrice-de-groupe\/faq-animatrice-de-groupe\/\" \/>\n<meta property=\"og:site_name\" content=\"Saprea Groups\" \/>\n<meta property=\"article:modified_time\" content=\"2023-06-05T20:40:26+00:00\" \/>\n<meta name=\"twitter:card\" content=\"summary_large_image\" \/>\n<meta name=\"twitter:label1\" content=\"Dur\u00e9e de lecture estim\u00e9e\" \/>\n\t<meta name=\"twitter:data1\" content=\"18 minutes\" \/>\n<script type=\"application\/ld+json\" class=\"yoast-schema-graph\">{\"@context\":\"https:\\\/\\\/schema.org\",\"@graph\":[{\"@type\":\"WebPage\",\"@id\":\"https:\\\/\\\/supportgroups.saprea.org\\\/fr\\\/ressources-animatrice-de-groupe\\\/faq-animatrice-de-groupe\\\/\",\"url\":\"https:\\\/\\\/supportgroups.saprea.org\\\/fr\\\/ressources-animatrice-de-groupe\\\/faq-animatrice-de-groupe\\\/\",\"name\":\"\u00a0Foire aux questions pour animatrice de groupe\",\"isPartOf\":{\"@id\":\"https:\\\/\\\/supportgroups.saprea.org\\\/fr\\\/#website\"},\"datePublished\":\"2023-05-22T20:35:16+00:00\",\"dateModified\":\"2023-06-05T20:40:26+00:00\",\"description\":\"\u00a0Notre section FAQ pour les animatrices de groupes propose des ressources pratiques et des conseils pour vous aider \u00e0 cr\u00e9er un environnement s\u00fbr et favorable.\",\"breadcrumb\":{\"@id\":\"https:\\\/\\\/supportgroups.saprea.org\\\/fr\\\/ressources-animatrice-de-groupe\\\/faq-animatrice-de-groupe\\\/#breadcrumb\"},\"inLanguage\":\"fr-FR\",\"potentialAction\":[{\"@type\":\"ReadAction\",\"target\":[\"https:\\\/\\\/supportgroups.saprea.org\\\/fr\\\/ressources-animatrice-de-groupe\\\/faq-animatrice-de-groupe\\\/\"]}]},{\"@type\":\"BreadcrumbList\",\"@id\":\"https:\\\/\\\/supportgroups.saprea.org\\\/fr\\\/ressources-animatrice-de-groupe\\\/faq-animatrice-de-groupe\\\/#breadcrumb\",\"itemListElement\":[{\"@type\":\"ListItem\",\"position\":1,\"name\":\"Home\",\"item\":\"https:\\\/\\\/supportgroups.saprea.org\\\/fr\\\/groupes-de-soutien-saprea\\\/\"},{\"@type\":\"ListItem\",\"position\":2,\"name\":\"Ressources pour animatrice de groupe\",\"item\":\"https:\\\/\\\/supportgroups.saprea.org\\\/fr\\\/ressources-animatrice-de-groupe\\\/\"},{\"@type\":\"ListItem\",\"position\":3,\"name\":\"\u00a0Foire aux questions pour animatrice de groupe\"}]},{\"@type\":\"WebSite\",\"@id\":\"https:\\\/\\\/supportgroups.saprea.org\\\/fr\\\/#website\",\"url\":\"https:\\\/\\\/supportgroups.saprea.org\\\/fr\\\/\",\"name\":\"Saprea Groups\",\"description\":\"\",\"potentialAction\":[{\"@type\":\"SearchAction\",\"target\":{\"@type\":\"EntryPoint\",\"urlTemplate\":\"https:\\\/\\\/supportgroups.saprea.org\\\/fr\\\/?s={search_term_string}\"},\"query-input\":{\"@type\":\"PropertyValueSpecification\",\"valueRequired\":true,\"valueName\":\"search_term_string\"}}],\"inLanguage\":\"fr-FR\"}]}<\/script>\n<!-- \/ Yoast SEO Premium plugin. -->","yoast_head_json":{"title":"\u00a0Foire aux questions pour animatrice de groupe","description":"\u00a0Notre section FAQ pour les animatrices de groupes propose des ressources pratiques et des conseils pour vous aider \u00e0 cr\u00e9er un environnement s\u00fbr et favorable.","robots":{"index":"index","follow":"follow","max-snippet":"max-snippet:-1","max-image-preview":"max-image-preview:large","max-video-preview":"max-video-preview:-1"},"canonical":"https:\/\/supportgroups.saprea.org\/fr\/ressources-animatrice-de-groupe\/faq-animatrice-de-groupe\/","og_locale":"fr_FR","og_type":"article","og_title":"\u00a0Foire aux questions pour animatrice de groupe","og_description":"\u00a0Notre section FAQ pour les animatrices de groupes propose des ressources pratiques et des conseils pour vous aider \u00e0 cr\u00e9er un environnement s\u00fbr et favorable.","og_url":"https:\/\/supportgroups.saprea.org\/fr\/ressources-animatrice-de-groupe\/faq-animatrice-de-groupe\/","og_site_name":"Saprea Groups","article_modified_time":"2023-06-05T20:40:26+00:00","twitter_card":"summary_large_image","twitter_misc":{"Dur\u00e9e de lecture estim\u00e9e":"18 minutes"},"schema":{"@context":"https:\/\/schema.org","@graph":[{"@type":"WebPage","@id":"https:\/\/supportgroups.saprea.org\/fr\/ressources-animatrice-de-groupe\/faq-animatrice-de-groupe\/","url":"https:\/\/supportgroups.saprea.org\/fr\/ressources-animatrice-de-groupe\/faq-animatrice-de-groupe\/","name":"\u00a0Foire aux questions pour animatrice de groupe","isPartOf":{"@id":"https:\/\/supportgroups.saprea.org\/fr\/#website"},"datePublished":"2023-05-22T20:35:16+00:00","dateModified":"2023-06-05T20:40:26+00:00","description":"\u00a0Notre section FAQ pour les animatrices de groupes propose des ressources pratiques et des conseils pour vous aider \u00e0 cr\u00e9er un environnement s\u00fbr et favorable.","breadcrumb":{"@id":"https:\/\/supportgroups.saprea.org\/fr\/ressources-animatrice-de-groupe\/faq-animatrice-de-groupe\/#breadcrumb"},"inLanguage":"fr-FR","potentialAction":[{"@type":"ReadAction","target":["https:\/\/supportgroups.saprea.org\/fr\/ressources-animatrice-de-groupe\/faq-animatrice-de-groupe\/"]}]},{"@type":"BreadcrumbList","@id":"https:\/\/supportgroups.saprea.org\/fr\/ressources-animatrice-de-groupe\/faq-animatrice-de-groupe\/#breadcrumb","itemListElement":[{"@type":"ListItem","position":1,"name":"Home","item":"https:\/\/supportgroups.saprea.org\/fr\/groupes-de-soutien-saprea\/"},{"@type":"ListItem","position":2,"name":"Ressources pour animatrice de groupe","item":"https:\/\/supportgroups.saprea.org\/fr\/ressources-animatrice-de-groupe\/"},{"@type":"ListItem","position":3,"name":"\u00a0Foire aux questions pour animatrice de groupe"}]},{"@type":"WebSite","@id":"https:\/\/supportgroups.saprea.org\/fr\/#website","url":"https:\/\/supportgroups.saprea.org\/fr\/","name":"Saprea Groups","description":"","potentialAction":[{"@type":"SearchAction","target":{"@type":"EntryPoint","urlTemplate":"https:\/\/supportgroups.saprea.org\/fr\/?s={search_term_string}"},"query-input":{"@type":"PropertyValueSpecification","valueRequired":true,"valueName":"search_term_string"}}],"inLanguage":"fr-FR"}]}},"_links":{"self":[{"href":"https:\/\/supportgroups.saprea.org\/fr\/wp-json\/wp\/v2\/pages\/9319","targetHints":{"allow":["GET"]}}],"collection":[{"href":"https:\/\/supportgroups.saprea.org\/fr\/wp-json\/wp\/v2\/pages"}],"about":[{"href":"https:\/\/supportgroups.saprea.org\/fr\/wp-json\/wp\/v2\/types\/page"}],"author":[{"embeddable":true,"href":"https:\/\/supportgroups.saprea.org\/fr\/wp-json\/wp\/v2\/users\/2"}],"replies":[{"embeddable":true,"href":"https:\/\/supportgroups.saprea.org\/fr\/wp-json\/wp\/v2\/comments?post=9319"}],"version-history":[{"count":12,"href":"https:\/\/supportgroups.saprea.org\/fr\/wp-json\/wp\/v2\/pages\/9319\/revisions"}],"predecessor-version":[{"id":9847,"href":"https:\/\/supportgroups.saprea.org\/fr\/wp-json\/wp\/v2\/pages\/9319\/revisions\/9847"}],"up":[{"embeddable":true,"href":"https:\/\/supportgroups.saprea.org\/fr\/wp-json\/wp\/v2\/pages\/9159"}],"wp:attachment":[{"href":"https:\/\/supportgroups.saprea.org\/fr\/wp-json\/wp\/v2\/media?parent=9319"}],"curies":[{"name":"wp","href":"https:\/\/api.w.org\/{rel}","templated":true}]}}