{"id":9556,"date":"2023-05-10T21:21:21","date_gmt":"2023-05-10T21:21:21","guid":{"rendered":"https:\/\/supportgroups.saprea.org\/support-groups-scripts-french\/"},"modified":"2023-06-20T21:24:05","modified_gmt":"2023-06-20T21:24:05","slug":"scripts-de-reunion","status":"publish","type":"page","link":"https:\/\/supportgroups.saprea.org\/fr\/scripts-de-reunion\/","title":{"rendered":"Scripts de r\u00e9union"},"content":{"rendered":"<div id=\"cs-content\" class=\"cs-content\"><\/div>\n","protected":false},"excerpt":{"rendered":"<p>Scripts des r\u00e9unions de groupes de soutien\u2726Des scripts de r\u00e9unions de groupe sont disponibles pour les groupes en personne ou en ligne. Acc\u00e9dez aux scripts directement dans votre navigateur web. Ou, si vous pr\u00e9f\u00e9rez, t\u00e9l\u00e9chargez et imprimez les scripts pour les utiliser lors des r\u00e9unions de groupe. T\u00c9L\u00c9CHARGEZ LE SCRIPT EN PR\u00c9SENTIEL T\u00c9L\u00c9CHARGER LE SCRIPT [&hellip;]<\/p>\n","protected":false},"author":2,"featured_media":0,"parent":0,"menu_order":0,"comment_status":"closed","ping_status":"closed","template":"","meta":{"_acf_changed":false,"footnotes":""},"class_list":["post-9556","page","type-page","status-publish","hentry"],"acf":[],"yoast_head":"<!-- This site is optimized with the Yoast SEO Premium plugin v27.3 (Yoast SEO v27.3) - https:\/\/yoast.com\/product\/yoast-seo-premium-wordpress\/ -->\n<title>Scripts de r\u00e9union | Groupes de soutien Saprea<\/title>\n<meta name=\"description\" content=\"Des scripts de r\u00e9unions de groupe sont disponibles pour les groupes de soutien en pr\u00e9sentiel ou en ligne. Acc\u00e9der directement ou t\u00e9l\u00e9charger.\" \/>\n<meta name=\"robots\" content=\"index, follow, max-snippet:-1, max-image-preview:large, max-video-preview:-1\" \/>\n<link rel=\"canonical\" href=\"https:\/\/supportgroups.saprea.org\/fr\/scripts-de-reunion\/\" \/>\n<meta property=\"og:locale\" content=\"fr_FR\" \/>\n<meta property=\"og:type\" content=\"article\" \/>\n<meta property=\"og:title\" content=\"Scripts de r\u00e9union\" \/>\n<meta property=\"og:description\" content=\"Des scripts de r\u00e9unions de groupe sont disponibles pour les groupes de soutien en pr\u00e9sentiel ou en ligne. Acc\u00e9der directement ou t\u00e9l\u00e9charger.\" \/>\n<meta property=\"og:url\" content=\"https:\/\/supportgroups.saprea.org\/fr\/scripts-de-reunion\/\" \/>\n<meta property=\"og:site_name\" content=\"Saprea Groups\" \/>\n<meta property=\"article:modified_time\" content=\"2023-06-20T21:24:05+00:00\" \/>\n<meta property=\"og:image\" content=\"https:\/\/supportgroups.saprea.org\/wp-content\/uploads\/2023\/05\/FR-EmotionWheel.png\" \/>\n<meta name=\"twitter:card\" content=\"summary_large_image\" \/>\n<meta name=\"twitter:label1\" content=\"Dur\u00e9e de lecture estim\u00e9e\" \/>\n\t<meta name=\"twitter:data1\" content=\"36 minutes\" \/>\n<script type=\"application\/ld+json\" class=\"yoast-schema-graph\">{\"@context\":\"https:\\\/\\\/schema.org\",\"@graph\":[{\"@type\":\"WebPage\",\"@id\":\"https:\\\/\\\/supportgroups.saprea.org\\\/fr\\\/scripts-de-reunion\\\/\",\"url\":\"https:\\\/\\\/supportgroups.saprea.org\\\/fr\\\/scripts-de-reunion\\\/\",\"name\":\"Scripts de r\u00e9union | Groupes de soutien Saprea\",\"isPartOf\":{\"@id\":\"https:\\\/\\\/supportgroups.saprea.org\\\/fr\\\/#website\"},\"primaryImageOfPage\":{\"@id\":\"https:\\\/\\\/supportgroups.saprea.org\\\/fr\\\/scripts-de-reunion\\\/#primaryimage\"},\"image\":{\"@id\":\"https:\\\/\\\/supportgroups.saprea.org\\\/fr\\\/scripts-de-reunion\\\/#primaryimage\"},\"thumbnailUrl\":\"https:\\\/\\\/supportgroups.saprea.org\\\/wp-content\\\/uploads\\\/2023\\\/05\\\/FR-EmotionWheel.png\",\"datePublished\":\"2023-05-10T21:21:21+00:00\",\"dateModified\":\"2023-06-20T21:24:05+00:00\",\"description\":\"Des scripts de r\u00e9unions de groupe sont disponibles pour les groupes de soutien en pr\u00e9sentiel ou en ligne. Acc\u00e9der directement ou t\u00e9l\u00e9charger.\",\"breadcrumb\":{\"@id\":\"https:\\\/\\\/supportgroups.saprea.org\\\/fr\\\/scripts-de-reunion\\\/#breadcrumb\"},\"inLanguage\":\"fr-FR\",\"potentialAction\":[{\"@type\":\"ReadAction\",\"target\":[\"https:\\\/\\\/supportgroups.saprea.org\\\/fr\\\/scripts-de-reunion\\\/\"]}]},{\"@type\":\"ImageObject\",\"inLanguage\":\"fr-FR\",\"@id\":\"https:\\\/\\\/supportgroups.saprea.org\\\/fr\\\/scripts-de-reunion\\\/#primaryimage\",\"url\":\"https:\\\/\\\/supportgroups.saprea.org\\\/wp-content\\\/uploads\\\/2023\\\/05\\\/FR-EmotionWheel.png\",\"contentUrl\":\"https:\\\/\\\/supportgroups.saprea.org\\\/wp-content\\\/uploads\\\/2023\\\/05\\\/FR-EmotionWheel.png\"},{\"@type\":\"BreadcrumbList\",\"@id\":\"https:\\\/\\\/supportgroups.saprea.org\\\/fr\\\/scripts-de-reunion\\\/#breadcrumb\",\"itemListElement\":[{\"@type\":\"ListItem\",\"position\":1,\"name\":\"Home\",\"item\":\"https:\\\/\\\/supportgroups.saprea.org\\\/fr\\\/groupes-de-soutien-saprea\\\/\"},{\"@type\":\"ListItem\",\"position\":2,\"name\":\"Scripts de r\u00e9union\"}]},{\"@type\":\"WebSite\",\"@id\":\"https:\\\/\\\/supportgroups.saprea.org\\\/fr\\\/#website\",\"url\":\"https:\\\/\\\/supportgroups.saprea.org\\\/fr\\\/\",\"name\":\"Saprea Groups\",\"description\":\"\",\"potentialAction\":[{\"@type\":\"SearchAction\",\"target\":{\"@type\":\"EntryPoint\",\"urlTemplate\":\"https:\\\/\\\/supportgroups.saprea.org\\\/fr\\\/?s={search_term_string}\"},\"query-input\":{\"@type\":\"PropertyValueSpecification\",\"valueRequired\":true,\"valueName\":\"search_term_string\"}}],\"inLanguage\":\"fr-FR\"}]}<\/script>\n<!-- \/ Yoast SEO Premium plugin. -->","yoast_head_json":{"title":"Scripts de r\u00e9union | Groupes de soutien Saprea","description":"Des scripts de r\u00e9unions de groupe sont disponibles pour les groupes de soutien en pr\u00e9sentiel ou en ligne. Acc\u00e9der directement ou t\u00e9l\u00e9charger.","robots":{"index":"index","follow":"follow","max-snippet":"max-snippet:-1","max-image-preview":"max-image-preview:large","max-video-preview":"max-video-preview:-1"},"canonical":"https:\/\/supportgroups.saprea.org\/fr\/scripts-de-reunion\/","og_locale":"fr_FR","og_type":"article","og_title":"Scripts de r\u00e9union","og_description":"Des scripts de r\u00e9unions de groupe sont disponibles pour les groupes de soutien en pr\u00e9sentiel ou en ligne. Acc\u00e9der directement ou t\u00e9l\u00e9charger.","og_url":"https:\/\/supportgroups.saprea.org\/fr\/scripts-de-reunion\/","og_site_name":"Saprea Groups","article_modified_time":"2023-06-20T21:24:05+00:00","og_image":[{"url":"https:\/\/supportgroups.saprea.org\/wp-content\/uploads\/2023\/05\/FR-EmotionWheel.png","type":"","width":"","height":""}],"twitter_card":"summary_large_image","twitter_misc":{"Dur\u00e9e de lecture estim\u00e9e":"36 minutes"},"schema":{"@context":"https:\/\/schema.org","@graph":[{"@type":"WebPage","@id":"https:\/\/supportgroups.saprea.org\/fr\/scripts-de-reunion\/","url":"https:\/\/supportgroups.saprea.org\/fr\/scripts-de-reunion\/","name":"Scripts de r\u00e9union | Groupes de soutien Saprea","isPartOf":{"@id":"https:\/\/supportgroups.saprea.org\/fr\/#website"},"primaryImageOfPage":{"@id":"https:\/\/supportgroups.saprea.org\/fr\/scripts-de-reunion\/#primaryimage"},"image":{"@id":"https:\/\/supportgroups.saprea.org\/fr\/scripts-de-reunion\/#primaryimage"},"thumbnailUrl":"https:\/\/supportgroups.saprea.org\/wp-content\/uploads\/2023\/05\/FR-EmotionWheel.png","datePublished":"2023-05-10T21:21:21+00:00","dateModified":"2023-06-20T21:24:05+00:00","description":"Des scripts de r\u00e9unions de groupe sont disponibles pour les groupes de soutien en pr\u00e9sentiel ou en ligne. Acc\u00e9der directement ou t\u00e9l\u00e9charger.","breadcrumb":{"@id":"https:\/\/supportgroups.saprea.org\/fr\/scripts-de-reunion\/#breadcrumb"},"inLanguage":"fr-FR","potentialAction":[{"@type":"ReadAction","target":["https:\/\/supportgroups.saprea.org\/fr\/scripts-de-reunion\/"]}]},{"@type":"ImageObject","inLanguage":"fr-FR","@id":"https:\/\/supportgroups.saprea.org\/fr\/scripts-de-reunion\/#primaryimage","url":"https:\/\/supportgroups.saprea.org\/wp-content\/uploads\/2023\/05\/FR-EmotionWheel.png","contentUrl":"https:\/\/supportgroups.saprea.org\/wp-content\/uploads\/2023\/05\/FR-EmotionWheel.png"},{"@type":"BreadcrumbList","@id":"https:\/\/supportgroups.saprea.org\/fr\/scripts-de-reunion\/#breadcrumb","itemListElement":[{"@type":"ListItem","position":1,"name":"Home","item":"https:\/\/supportgroups.saprea.org\/fr\/groupes-de-soutien-saprea\/"},{"@type":"ListItem","position":2,"name":"Scripts de r\u00e9union"}]},{"@type":"WebSite","@id":"https:\/\/supportgroups.saprea.org\/fr\/#website","url":"https:\/\/supportgroups.saprea.org\/fr\/","name":"Saprea Groups","description":"","potentialAction":[{"@type":"SearchAction","target":{"@type":"EntryPoint","urlTemplate":"https:\/\/supportgroups.saprea.org\/fr\/?s={search_term_string}"},"query-input":{"@type":"PropertyValueSpecification","valueRequired":true,"valueName":"search_term_string"}}],"inLanguage":"fr-FR"}]}},"_links":{"self":[{"href":"https:\/\/supportgroups.saprea.org\/fr\/wp-json\/wp\/v2\/pages\/9556","targetHints":{"allow":["GET"]}}],"collection":[{"href":"https:\/\/supportgroups.saprea.org\/fr\/wp-json\/wp\/v2\/pages"}],"about":[{"href":"https:\/\/supportgroups.saprea.org\/fr\/wp-json\/wp\/v2\/types\/page"}],"author":[{"embeddable":true,"href":"https:\/\/supportgroups.saprea.org\/fr\/wp-json\/wp\/v2\/users\/2"}],"replies":[{"embeddable":true,"href":"https:\/\/supportgroups.saprea.org\/fr\/wp-json\/wp\/v2\/comments?post=9556"}],"version-history":[{"count":15,"href":"https:\/\/supportgroups.saprea.org\/fr\/wp-json\/wp\/v2\/pages\/9556\/revisions"}],"predecessor-version":[{"id":10382,"href":"https:\/\/supportgroups.saprea.org\/fr\/wp-json\/wp\/v2\/pages\/9556\/revisions\/10382"}],"wp:attachment":[{"href":"https:\/\/supportgroups.saprea.org\/fr\/wp-json\/wp\/v2\/media?parent=9556"}],"curies":[{"name":"wp","href":"https:\/\/api.w.org\/{rel}","templated":true}]}}