{"id":9645,"date":"2023-05-22T11:47:27","date_gmt":"2023-05-22T11:47:27","guid":{"rendered":"https:\/\/supportgroups.saprea.org\/nouveau-formulaire-de-groupe\/"},"modified":"2026-01-12T19:33:01","modified_gmt":"2026-01-12T19:33:01","slug":"nouveau-formulaire-de-groupe","status":"publish","type":"page","link":"https:\/\/supportgroups.saprea.org\/fr\/nouveau-formulaire-de-groupe\/","title":{"rendered":"Nouveau formulaire de groupe"},"content":{"rendered":"<div id=\"cs-content\" class=\"cs-content\"><\/div>\n","protected":false},"excerpt":{"rendered":"<p>Enregistrez votre groupeMerci d&rsquo;avoir cr\u00e9\u00e9 un groupe de soutien Saprea. Vos efforts contribueront \u00e0 apporter l&rsquo;espoir et la gu\u00e9rison aux survivantes de votre communaut\u00e9. Nom(N\u00e9cessaire) Pr\u00e9nom Nom Num\u00e9ro de t\u00e9l\u00e9phone (inclure l&#039;indicatif du pays si vous appelez depuis l&#039;\u00e9tranger) :(N\u00e9cessaire)Souhaitez-vous obtenir des informations sur la mani\u00e8re de rejoindre notre groupe de discussion par SMS pour [&hellip;]<\/p>\n","protected":false},"author":2,"featured_media":0,"parent":0,"menu_order":0,"comment_status":"closed","ping_status":"closed","template":"","meta":{"_acf_changed":false,"footnotes":""},"class_list":["post-9645","page","type-page","status-publish","hentry"],"acf":[],"yoast_head":"<!-- This site is optimized with the Yoast SEO Premium plugin v27.3 (Yoast SEO v27.3) - https:\/\/yoast.com\/product\/yoast-seo-premium-wordpress\/ -->\n<title>Nouveau formulaire de groupe | Groupes de soutien<\/title>\n<meta name=\"description\" content=\"Inscrivez-vous et cr\u00e9ez votre groupe de soutien aux survivantes d&#039;abus sexuels. Vos efforts contribueront \u00e0 la gu\u00e9rison des femmes de votre communaut\u00e9.\" \/>\n<meta name=\"robots\" content=\"index, follow, max-snippet:-1, max-image-preview:large, max-video-preview:-1\" \/>\n<link rel=\"canonical\" href=\"https:\/\/supportgroups.saprea.org\/fr\/nouveau-formulaire-de-groupe\/\" \/>\n<meta property=\"og:locale\" content=\"fr_FR\" \/>\n<meta property=\"og:type\" content=\"article\" \/>\n<meta property=\"og:title\" content=\"Nouveau formulaire de groupe\" \/>\n<meta property=\"og:description\" content=\"Inscrivez-vous et cr\u00e9ez votre groupe de soutien aux survivantes d&#039;abus sexuels. Vos efforts contribueront \u00e0 la gu\u00e9rison des femmes de votre communaut\u00e9.\" \/>\n<meta property=\"og:url\" content=\"https:\/\/supportgroups.saprea.org\/fr\/nouveau-formulaire-de-groupe\/\" \/>\n<meta property=\"og:site_name\" content=\"Saprea Groups\" \/>\n<meta property=\"article:modified_time\" content=\"2026-01-12T19:33:01+00:00\" \/>\n<meta name=\"twitter:card\" content=\"summary_large_image\" \/>\n<meta name=\"twitter:label1\" content=\"Dur\u00e9e de lecture estim\u00e9e\" \/>\n\t<meta name=\"twitter:data1\" content=\"1 minute\" \/>\n<script type=\"application\/ld+json\" class=\"yoast-schema-graph\">{\"@context\":\"https:\\\/\\\/schema.org\",\"@graph\":[{\"@type\":\"WebPage\",\"@id\":\"https:\\\/\\\/supportgroups.saprea.org\\\/fr\\\/nouveau-formulaire-de-groupe\\\/\",\"url\":\"https:\\\/\\\/supportgroups.saprea.org\\\/fr\\\/nouveau-formulaire-de-groupe\\\/\",\"name\":\"Nouveau formulaire de groupe | Groupes de soutien\",\"isPartOf\":{\"@id\":\"https:\\\/\\\/supportgroups.saprea.org\\\/fr\\\/#website\"},\"datePublished\":\"2023-05-22T11:47:27+00:00\",\"dateModified\":\"2026-01-12T19:33:01+00:00\",\"description\":\"Inscrivez-vous et cr\u00e9ez votre groupe de soutien aux survivantes d'abus sexuels. Vos efforts contribueront \u00e0 la gu\u00e9rison des femmes de votre communaut\u00e9.\",\"breadcrumb\":{\"@id\":\"https:\\\/\\\/supportgroups.saprea.org\\\/fr\\\/nouveau-formulaire-de-groupe\\\/#breadcrumb\"},\"inLanguage\":\"fr-FR\",\"potentialAction\":[{\"@type\":\"ReadAction\",\"target\":[\"https:\\\/\\\/supportgroups.saprea.org\\\/fr\\\/nouveau-formulaire-de-groupe\\\/\"]}]},{\"@type\":\"BreadcrumbList\",\"@id\":\"https:\\\/\\\/supportgroups.saprea.org\\\/fr\\\/nouveau-formulaire-de-groupe\\\/#breadcrumb\",\"itemListElement\":[{\"@type\":\"ListItem\",\"position\":1,\"name\":\"Home\",\"item\":\"https:\\\/\\\/supportgroups.saprea.org\\\/fr\\\/groupes-de-soutien-saprea\\\/\"},{\"@type\":\"ListItem\",\"position\":2,\"name\":\"Nouveau formulaire de groupe\"}]},{\"@type\":\"WebSite\",\"@id\":\"https:\\\/\\\/supportgroups.saprea.org\\\/fr\\\/#website\",\"url\":\"https:\\\/\\\/supportgroups.saprea.org\\\/fr\\\/\",\"name\":\"Saprea Groups\",\"description\":\"\",\"potentialAction\":[{\"@type\":\"SearchAction\",\"target\":{\"@type\":\"EntryPoint\",\"urlTemplate\":\"https:\\\/\\\/supportgroups.saprea.org\\\/fr\\\/?s={search_term_string}\"},\"query-input\":{\"@type\":\"PropertyValueSpecification\",\"valueRequired\":true,\"valueName\":\"search_term_string\"}}],\"inLanguage\":\"fr-FR\"}]}<\/script>\n<!-- \/ Yoast SEO Premium plugin. -->","yoast_head_json":{"title":"Nouveau formulaire de groupe | Groupes de soutien","description":"Inscrivez-vous et cr\u00e9ez votre groupe de soutien aux survivantes d'abus sexuels. Vos efforts contribueront \u00e0 la gu\u00e9rison des femmes de votre communaut\u00e9.","robots":{"index":"index","follow":"follow","max-snippet":"max-snippet:-1","max-image-preview":"max-image-preview:large","max-video-preview":"max-video-preview:-1"},"canonical":"https:\/\/supportgroups.saprea.org\/fr\/nouveau-formulaire-de-groupe\/","og_locale":"fr_FR","og_type":"article","og_title":"Nouveau formulaire de groupe","og_description":"Inscrivez-vous et cr\u00e9ez votre groupe de soutien aux survivantes d'abus sexuels. Vos efforts contribueront \u00e0 la gu\u00e9rison des femmes de votre communaut\u00e9.","og_url":"https:\/\/supportgroups.saprea.org\/fr\/nouveau-formulaire-de-groupe\/","og_site_name":"Saprea Groups","article_modified_time":"2026-01-12T19:33:01+00:00","twitter_card":"summary_large_image","twitter_misc":{"Dur\u00e9e de lecture estim\u00e9e":"1 minute"},"schema":{"@context":"https:\/\/schema.org","@graph":[{"@type":"WebPage","@id":"https:\/\/supportgroups.saprea.org\/fr\/nouveau-formulaire-de-groupe\/","url":"https:\/\/supportgroups.saprea.org\/fr\/nouveau-formulaire-de-groupe\/","name":"Nouveau formulaire de groupe | Groupes de soutien","isPartOf":{"@id":"https:\/\/supportgroups.saprea.org\/fr\/#website"},"datePublished":"2023-05-22T11:47:27+00:00","dateModified":"2026-01-12T19:33:01+00:00","description":"Inscrivez-vous et cr\u00e9ez votre groupe de soutien aux survivantes d'abus sexuels. Vos efforts contribueront \u00e0 la gu\u00e9rison des femmes de votre communaut\u00e9.","breadcrumb":{"@id":"https:\/\/supportgroups.saprea.org\/fr\/nouveau-formulaire-de-groupe\/#breadcrumb"},"inLanguage":"fr-FR","potentialAction":[{"@type":"ReadAction","target":["https:\/\/supportgroups.saprea.org\/fr\/nouveau-formulaire-de-groupe\/"]}]},{"@type":"BreadcrumbList","@id":"https:\/\/supportgroups.saprea.org\/fr\/nouveau-formulaire-de-groupe\/#breadcrumb","itemListElement":[{"@type":"ListItem","position":1,"name":"Home","item":"https:\/\/supportgroups.saprea.org\/fr\/groupes-de-soutien-saprea\/"},{"@type":"ListItem","position":2,"name":"Nouveau formulaire de groupe"}]},{"@type":"WebSite","@id":"https:\/\/supportgroups.saprea.org\/fr\/#website","url":"https:\/\/supportgroups.saprea.org\/fr\/","name":"Saprea Groups","description":"","potentialAction":[{"@type":"SearchAction","target":{"@type":"EntryPoint","urlTemplate":"https:\/\/supportgroups.saprea.org\/fr\/?s={search_term_string}"},"query-input":{"@type":"PropertyValueSpecification","valueRequired":true,"valueName":"search_term_string"}}],"inLanguage":"fr-FR"}]}},"_links":{"self":[{"href":"https:\/\/supportgroups.saprea.org\/fr\/wp-json\/wp\/v2\/pages\/9645","targetHints":{"allow":["GET"]}}],"collection":[{"href":"https:\/\/supportgroups.saprea.org\/fr\/wp-json\/wp\/v2\/pages"}],"about":[{"href":"https:\/\/supportgroups.saprea.org\/fr\/wp-json\/wp\/v2\/types\/page"}],"author":[{"embeddable":true,"href":"https:\/\/supportgroups.saprea.org\/fr\/wp-json\/wp\/v2\/users\/2"}],"replies":[{"embeddable":true,"href":"https:\/\/supportgroups.saprea.org\/fr\/wp-json\/wp\/v2\/comments?post=9645"}],"version-history":[{"count":7,"href":"https:\/\/supportgroups.saprea.org\/fr\/wp-json\/wp\/v2\/pages\/9645\/revisions"}],"predecessor-version":[{"id":11080,"href":"https:\/\/supportgroups.saprea.org\/fr\/wp-json\/wp\/v2\/pages\/9645\/revisions\/11080"}],"wp:attachment":[{"href":"https:\/\/supportgroups.saprea.org\/fr\/wp-json\/wp\/v2\/media?parent=9645"}],"curies":[{"name":"wp","href":"https:\/\/api.w.org\/{rel}","templated":true}]}}